{"id":1463,"date":"2025-09-04T13:56:58","date_gmt":"2025-09-04T12:56:58","guid":{"rendered":"https:\/\/wcarech.com\/?page_id=1463"},"modified":"2025-10-19T22:51:01","modified_gmt":"2025-10-19T21:51:01","slug":"om-os","status":"publish","type":"page","link":"https:\/\/wcarech.com\/da\/om-os\/","title":{"rendered":"Om os"},"content":{"rendered":"<section class=\"l-section wpb_row us_custom_b8043cba height_medium\"><div class=\"l-section-h i-cf\"><div class=\"g-cols vc_row via_grid cols_1 laptops-cols_inherit tablets-cols_inherit mobiles-cols_1 valign_top type_default stacking_default\"><div class=\"wpb_column vc_column_container\"><div class=\"vc_column-inner\"><h1 class=\"w-post-elm post_title us_custom_e8d85284 has_text_color align_center entry-title color_link_inherit\">Om os<\/h1><\/div><\/div><\/div><\/div><\/section><section class=\"l-section wpb_row height_large\"><div class=\"l-section-h i-cf\"><div class=\"g-cols vc_row via_grid cols_2 laptops-cols_inherit tablets-cols_inherit mobiles-cols_1 valign_top type_default stacking_default\"><div class=\"wpb_column vc_column_container\"><div class=\"vc_column-inner\"><div class=\"wpb_text_column\"><div class=\"wpb_wrapper\"><p>World Care Connect Health er en medicinsk platform til at finde den n\u00e6rmeste medicinske facilitet, hvis du skulle f\u00e5 en ulykke eller sygdom i udlandet. Vi sikrer altid h\u00f8je medicinske standarder p\u00e5 alle vores faciliteter. Vores m\u00e5l er at hj\u00e6lpe dig med det samme ved n\u00f8dsituationer eller organisere ambulanceoverf\u00f8rsel eller hotel-\/hjemmebes\u00f8g under din ferie. Vi har aftaler med alle internationale rejse- og assistanceselskaber, og tolke st\u00e5r til r\u00e5dighed uden ekstra omkostning.<\/p>\n<p>Stol p\u00e5 vores medicinske fagfolk under dit ophold p\u00e5 Tenerife. Personlig, hurtig pleje i henhold til internationale standarder.<\/p>\n<\/div><\/div><div class=\"w-separator size_medium\"><\/div><div class=\"w-popup us_custom_211707e8 w-btn-wrapper align_center\"><button class=\"w-popup-trigger type_btn w-btn us-btn-style_3 icon_atleft\" style=\"font-size:1.2rem\" aria-label=\"Tid hos specialist\" type=\"button\"><i class=\"far fa-user-md\"><\/i><span class=\"w-btn-label\">Tid hos specialist<\/span><\/button><div class=\"w-popup-overlay\" style=\"background:rgba(0,0,0,0.85);\"><\/div><div class=\"w-popup-wrap layout_default\" role=\"dialog\" aria-modal=\"true\" aria-label=\"Popup\" style=\"--title-color:var(--color-content-heading);--title-bg-color:var(--color-content-bg-alt-grad, var(--color-content-bg-alt) );--content-color:var(--color-content-text);--content-bg-color:var(--color-content-bg);--popup-width:600px;--popup-padding:5%;\"><button aria-label=\"Luk\" class=\"w-popup-closer\" type=\"button\"><\/button><div class=\"w-popup-box animation_fadeIn closerpos_outside without_title\"><div class=\"w-popup-box-h\"><div class=\"w-popup-box-content\"><section class=\"l-section wpb_row height_large\"><div class=\"l-section-h i-cf\"><div class=\"g-cols vc_row via_grid cols_1 laptops-cols_inherit tablets-cols_inherit mobiles-cols_1 valign_top type_default stacking_default\"><div class=\"wpb_column vc_column_container\"><div class=\"vc_column-inner\"><div class=\"wpb_text_column\"><div class=\"wpb_wrapper\"><h5 style=\"text-align: left;\">Hvis du giver os dine oplysninger, vil vi kontakte dig s\u00e5 hurtigt som muligt.<\/h5>\n<\/div><\/div><div class=\"w-separator size_small\"><\/div><form class=\"w-form  us-field-style_1 layout_ver show_message_after_sending for_cform us_form_1\" action=\"https:\/\/wcarech.com\/da\/wp-json\/wp\/v2\/pages\/1463\" method=\"post\"><div class=\"w-form-h\"><div class=\"w-form-row for_text required with_icon\">\r\n\t\t<div class=\"w-form-row-field\">\r\n\t\t\t\t<i class=\"far fa-user\"><\/i>\t\t<input aria-label=\"Fulde navn\" type=\"text\" name=\"us_form_1_text_1\" value placeholder=\"Fulde navn *\" data-required=\"true\" aria-required=\"true\"\/>\r\n\t\t\t<\/div>\r\n\t\t<div class=\"w-form-row-state\">Fill out this field<\/div>\r\n<\/div>\r\n<div class=\"w-form-row for_checkboxes has_label required\">\r\n\t\t\t<div class=\"w-form-row-label\">\r\n\t\t\t<span>Hvilket sprog foretr\u00e6kker du? <span class=\"required\">*<\/span><\/span>\r\n\t\t<\/div>\r\n\t\t<div class=\"w-form-row-field\">\r\n\t\t\t\t\t<label>\r\n\t\t\t\t<input type=\"checkbox\" name=\"us_form_1_checkboxes_1[]\" data-required=\"true\" value=\"Tysk\"\/>\r\n\t\t\t\t<span>Tysk<\/span>\r\n\t\t\t<\/label>\r\n\t\t\t\t\t\t<label>\r\n\t\t\t\t<input type=\"checkbox\" name=\"us_form_1_checkboxes_1[]\" data-required=\"true\" value=\"Spansk\"\/>\r\n\t\t\t\t<span>Spansk<\/span>\r\n\t\t\t<\/label>\r\n\t\t\t\t\t\t<label>\r\n\t\t\t\t<input type=\"checkbox\" name=\"us_form_1_checkboxes_1[]\" data-required=\"true\" value=\"Engelsk\"\/>\r\n\t\t\t\t<span>Engelsk<\/span>\r\n\t\t\t<\/label>\r\n\t\t\t\t\t\t<label>\r\n\t\t\t\t<input type=\"checkbox\" name=\"us_form_1_checkboxes_1[]\" data-required=\"true\" value=\"Fransk\"\/>\r\n\t\t\t\t<span>Fransk<\/span>\r\n\t\t\t<\/label>\r\n\t\t\t\t\t\t<label>\r\n\t\t\t\t<input type=\"checkbox\" name=\"us_form_1_checkboxes_1[]\" data-required=\"true\" value=\"Flamsk\"\/>\r\n\t\t\t\t<span>Flamsk<\/span>\r\n\t\t\t<\/label>\r\n\t\t\t\t\t\t<label>\r\n\t\t\t\t<input type=\"checkbox\" name=\"us_form_1_checkboxes_1[]\" data-required=\"true\" value=\"Svensk\"\/>\r\n\t\t\t\t<span>Svensk<\/span>\r\n\t\t\t<\/label>\r\n\t\t\t\t\t\t<label>\r\n\t\t\t\t<input type=\"checkbox\" name=\"us_form_1_checkboxes_1[]\" data-required=\"true\" value=\"Russisk\"\/>\r\n\t\t\t\t<span>Russisk<\/span>\r\n\t\t\t<\/label>\r\n\t\t\t\t<\/div>\r\n\t\t<div class=\"w-form-row-state\">Select an option<\/div>\r\n<\/div>\r\n<div class=\"w-form-row for_select has_label\">\r\n\t\t\t<div class=\"w-form-row-label\">\r\n\t\t\t<span>V\u00e6lg dit hospital\/omr\u00e5de<\/span>\r\n\t\t<\/div>\r\n\t\t<div class=\"w-form-row-field\">\r\n\t\t\t\t\t\t<select aria-label=\"V\u00e6lg dit hospital\/omr\u00e5de\" name=\"us_form_1_select_1\">\r\n\t\t\t<option value=\"Hospital Quir\u00f3nsalud Costa Adeje (Costa Adeje)\">Hospital Quir\u00f3nsalud Costa Adeje (Costa Adeje)<\/option><option value=\"Hospital Quir\u00f3nsalud Vida (La Orotava)\">Hospital Quir\u00f3nsalud Vida (La Orotava)<\/option><option value=\"Medical Center Quir\u00f3nsalud Vida Puerto (Puerto de la Cruz)\">Medical Center Quir\u00f3nsalud Vida Puerto (Puerto de la Cruz)<\/option><option value=\"Hospital Quir\u00f3nsalud Tenerife (Santa Cruz de Tenerife)\">Hospital Quir\u00f3nsalud Tenerife (Santa Cruz de Tenerife)<\/option><option value=\"\"><\/option>\t\t<\/select>\r\n\t\t\t<\/div>\r\n\t\t<div class=\"w-form-row-state\">Select an option<\/div>\r\n<\/div>\r\n<div class=\"w-form-row for_select has_label required\">\r\n\t\t\t<div class=\"w-form-row-label\">\r\n\t\t\t<span>Specialist *<\/span>\r\n\t\t<\/div>\r\n\t\t<div class=\"w-form-row-field\">\r\n\t\t\t\t\t\t<select aria-label=\"Specialist\" data-required=\"true\" aria-required=\"true\" name=\"us_form_1_select_2\">\r\n\t\t\t<option value=\"Allergologi\">Allergologi<\/option><option value=\"Anatomi og patologi\">Anatomi og patologi<\/option><option value=\"An\u00e6stesiologi og genoplivning\">An\u00e6stesiologi og genoplivning<\/option><option value=\"Angiologi og karkirurgi\">Angiologi og karkirurgi<\/option><option value=\"Kardiologi\">Kardiologi<\/option><option value=\"Hjertkirurgi\">Hjertkirurgi<\/option><option value=\"Sundhedstjek\">Sundhedstjek<\/option><option value=\"Klinisk analyse og klinisk biokemi\">Klinisk analyse og klinisk biokemi<\/option><option value=\"Klinisk neurofysiologi\">Klinisk neurofysiologi<\/option><option value=\"Klinisk psykologi\">Klinisk psykologi<\/option><option value=\"Samfunds- og familie-medicin\">Samfunds- og familie-medicin<\/option><option value=\"Komplement\u00e6r medicin\">Komplement\u00e6r medicin<\/option><option value=\"Ford\u00f8jelsessystemet\">Ford\u00f8jelsessystemet<\/option><option value=\"Akut- og intensivmedicin\">Akut- og intensivmedicin<\/option><option value=\"Endokrinologi og ern\u00e6ring\">Endokrinologi og ern\u00e6ring<\/option><option value=\"Generel og ford\u00f8jelseskirurgi\">Generel og ford\u00f8jelseskirurgi<\/option><option value=\"Geriatri og palliativ pleje\">Geriatri og palliativ pleje<\/option><option value=\"Gyn\u00e6kologi og obstetrik\">Gyn\u00e6kologi og obstetrik<\/option><option value=\"H\u00e6matologi og h\u00e6moterapi\">H\u00e6matologi og h\u00e6moterapi<\/option><option value=\"Immunologi\">Immunologi<\/option><option value=\"Infektionssygdomme\">Infektionssygdomme<\/option><option value=\"Intern medicin\">Intern medicin<\/option><option value=\"Logop\u00e6di (tale-terapi)\">Logop\u00e6di (tale-terapi)<\/option><option value=\"Medicinsk \u00e6stetik\">Medicinsk \u00e6stetik<\/option><option value=\"Medicinsk onkologi\">Medicinsk onkologi<\/option><option value=\"Mikrobiologi og parasitologi\">Mikrobiologi og parasitologi<\/option><option value=\"Nuklearmedicin\">Nuklearmedicin<\/option><option value=\"Arbejdsmedicin\">Arbejdsmedicin<\/option><option value=\"Oftalmologi\">Oftalmologi<\/option><option value=\"Oral- og k\u00e6bekirurgi\">Oral- og k\u00e6bekirurgi<\/option><option value=\"Ortop\u00e6di og traumakirurgi (b\u00f8rnekirurgi ogs\u00e5 inkluderet efter behov)\">Ortop\u00e6di og traumakirurgi (b\u00f8rnekirurgi ogs\u00e5 inkluderet efter behov)<\/option><option value=\"\u00d8re-, n\u00e6se- og hals (\u00d8NH)\">\u00d8re-, n\u00e6se- og hals (\u00d8NH)<\/option><option value=\"P\u00e6diatrisk neurologi\">P\u00e6diatrisk neurologi<\/option><option value=\"P\u00e6diatri og dens specifikke omr\u00e5der\">P\u00e6diatri og dens specifikke omr\u00e5der<\/option><option value=\"P\u00e6diatrisk kirurgi\">P\u00e6diatrisk kirurgi<\/option><option value=\"Fysisk medicin og rehabilitering\">Fysisk medicin og rehabilitering<\/option><option value=\"Plastikkirurgi, \u00e6stetisk og rekonstruktiv kirurgi\">Plastikkirurgi, \u00e6stetisk og rekonstruktiv kirurgi<\/option><option value=\"Fodpleje\">Fodpleje<\/option><option value=\"Forebyggende medicin og folkesundhed\">Forebyggende medicin og folkesundhed<\/option><option value=\"Psykiatri\">Psykiatri<\/option><option value=\"Str\u00e5leterapi onkologi\">Str\u00e5leterapi onkologi<\/option><option value=\"Respirationsmedicin (pneumologi)\">Respirationsmedicin (pneumologi)<\/option><option value=\"Taleterapi (alternativ til logop\u00e6di hvis foretrukket)\">Taleterapi (alternativ til logop\u00e6di hvis foretrukket)<\/option><option value=\"Sports- og idr\u00e6tsmedicin\">Sports- og idr\u00e6tsmedicin<\/option><option value=\"Thoraxkirurgi\">Thoraxkirurgi<\/option><option value=\"Venerologi +A192:A219og dermatologi\">Venerologi +A192:A219og dermatologi<\/option>\t\t<\/select>\r\n\t\t\t<\/div>\r\n\t\t<div class=\"w-form-row-state\">Select an option<\/div>\r\n<\/div>\r\n<div class=\"w-form-row for_email required with_icon\">\r\n\t\t<div class=\"w-form-row-field\">\r\n\t\t\t\t<i class=\"far fa-envelope\"><\/i>\t\t<input aria-label=\"Email\" type=\"email\" name=\"us_form_1_email_1\" value placeholder=\"Email *\" data-required=\"true\" aria-required=\"true\"\/>\r\n\t\t\t<\/div>\r\n\t\t<div class=\"w-form-row-state\">Indtast venligst en gyldig e-mailadresse.<\/div>\r\n<\/div>\r\n<div class=\"w-form-row for_select required cols_2\">\r\n\t\t<div class=\"w-form-row-field\">\r\n\t\t\t\t\t\t<select aria-label=\"us_form_1_select_3\" data-required=\"true\" aria-required=\"true\" name=\"us_form_1_select_3\">\r\n\t\t\t<option value=\"-- V\u00e6lg dit landekode -- \">-- V\u00e6lg dit landekode -- <\/option><option value=\"Spanien (+34)\">Spanien (+34)<\/option><option value=\"Portugal (+351)\">Portugal (+351)<\/option><option value=\"Frankrig (+33)\">Frankrig (+33)<\/option><option value=\"Italien (+39)\">Italien (+39)<\/option><option value=\"Tyskland (+49)\">Tyskland (+49)<\/option><option value=\"Storbritannien (+44)\">Storbritannien (+44)<\/option><option value=\"Irland (+353)\">Irland (+353)<\/option><option value=\"Belgien (+32)\">Belgien (+32)<\/option><option value=\"Holland (+31)\">Holland (+31)<\/option><option value=\"Schweiz (+41)\">Schweiz (+41)<\/option><option value=\"\u00d8strig (+43)\">\u00d8strig (+43)<\/option><option value=\"Sverige (+46)\">Sverige (+46)<\/option><option value=\"Norge (+47)\">Norge (+47)<\/option><option value=\"Danmark (+45)\">Danmark (+45)<\/option><option value=\"Finland (+358)\">Finland (+358)<\/option><option value=\"Polen (+48)\">Polen (+48)<\/option><option value=\"Tjekkiet (+420)\">Tjekkiet (+420)<\/option><option value=\"Ungarn (+36)\">Ungarn (+36)<\/option><option value=\"Gr\u00e6kenland (+30)\">Gr\u00e6kenland (+30)<\/option><option value=\"Tyrkiet (+90)\">Tyrkiet (+90)<\/option><option value=\"USA\/Canada (+1)\">USA\/Canada (+1)<\/option><option value=\"Mexico (+52)\">Mexico (+52)<\/option><option value=\"Argentina (+54)\">Argentina (+54)<\/option><option value=\"Brasilien (+55)\">Brasilien (+55)<\/option><option value=\"Chile (+56)\">Chile (+56)<\/option><option value=\"Colombia (+57)\">Colombia (+57)<\/option><option value=\"Venezuela (+58)\">Venezuela (+58)<\/option><option value=\"Peru (+51)\">Peru (+51)<\/option><option value=\"Uruguay (+598)\">Uruguay (+598)<\/option><option value=\"Bolivia (+591)\">Bolivia (+591)<\/option><option value=\"Ecuador (+593)\">Ecuador (+593)<\/option><option value=\"Costa Rica (+506)\">Costa Rica (+506)<\/option><option value=\"Panama (+507)\">Panama (+507)<\/option><option value=\"Cuba (+53)\">Cuba (+53)<\/option><option value=\"Den Dominikanske Republik (+1-809 \/ +1-829 \/ +1-849)\">Den Dominikanske Republik (+1-809 \/ +1-829 \/ +1-849)<\/option><option value=\"Marokko (+212)\">Marokko (+212)<\/option><option value=\"Algeriet (+213)\">Algeriet (+213)<\/option><option value=\"Tunesien (+216)\">Tunesien (+216)<\/option><option value=\"Egypten (+20)\">Egypten (+20)<\/option><option value=\"Sydafrika (+27)\">Sydafrika (+27)<\/option><option value=\"Nigeria (+234)\">Nigeria (+234)<\/option><option value=\"Kenya (+254)\">Kenya (+254)<\/option><option value=\"Senegal (+221)\">Senegal (+221)<\/option><option value=\"Ghana (+233)\">Ghana (+233)<\/option><option value=\"Kina (+86)\">Kina (+86)<\/option><option value=\"Japan (+81)\">Japan (+81)<\/option><option value=\"Indien (+91)\">Indien (+91)<\/option><option value=\"Rusland (+7)\">Rusland (+7)<\/option><option value=\"Saudi-Arabien (+966)\">Saudi-Arabien (+966)<\/option><option value=\"De Forenede Arabiske Emirater (+971)\">De Forenede Arabiske Emirater (+971)<\/option><option value=\"Israel (+972)\">Israel (+972)<\/option><option value=\"Iran (+98)\">Iran (+98)<\/option><option value=\"Sydkorea (+82)\">Sydkorea (+82)<\/option><option value=\"Thailand (+66)\">Thailand (+66)<\/option><option value=\"Filippinerne (+63)\">Filippinerne (+63)<\/option><option value=\"Indonesien (+62)\">Indonesien (+62)<\/option><option value=\"Australien (+61)\">Australien (+61)<\/option><option value=\"New Zealand (+64)\">New Zealand (+64)<\/option><option value=\"Fiji (+679)\">Fiji (+679)<\/option><option value=\"Papua Ny Guinea (+675)\">Papua Ny Guinea (+675)<\/option>\t\t<\/select>\r\n\t\t\t<\/div>\r\n\t\t<div class=\"w-form-row-state\">Select an option<\/div>\r\n<\/div>\r\n<div class=\"w-form-row for_text required with_icon cols_2\">\r\n\t\t<div class=\"w-form-row-field\">\r\n\t\t\t\t<i class=\"fas fa-phone\"><\/i>\t\t<input aria-label=\"Telefonnummer\" type=\"text\" name=\"us_form_1_text_2\" value placeholder=\"Telefonnummer *\" data-required=\"true\" aria-required=\"true\"\/>\r\n\t\t\t<\/div>\r\n\t\t<div class=\"w-form-row-state\">Fill out this field<\/div>\r\n<\/div>\r\n<div class=\"w-form-row for_text cols_2\">\r\n\t\t<div class=\"w-form-row-field\">\r\n\t\t\t\t\t\t<input aria-label=\"Hotelnavn\" type=\"text\" name=\"us_form_1_text_3\" value placeholder=\"Hotelnavn\"\/>\r\n\t\t\t<\/div>\r\n\t\t<div class=\"w-form-row-state\">Fill out this field<\/div>\r\n<\/div>\r\n<div class=\"w-form-row for_text cols_2\">\r\n\t\t<div class=\"w-form-row-field\">\r\n\t\t\t\t\t\t<input aria-label=\"V\u00e6relsesnummer\" type=\"text\" name=\"us_form_1_text_4\" value placeholder=\"V\u00e6relsesnummer\"\/>\r\n\t\t\t<\/div>\r\n\t\t<div class=\"w-form-row-state\">Fill out this field<\/div>\r\n<\/div>\r\n<div class=\"w-form-row for_textarea required\">\r\n\t\t<div class=\"w-form-row-field\">\r\n\t\t\t\t\t\t<textarea aria-label=\"Tekst\" name=\"us_form_1_textarea_1\" placeholder=\"Tekst *\" data-required=\"true\" aria-required=\"true\"><\/textarea>\r\n\t\t\t<\/div>\r\n\t\t<div class=\"w-form-row-state\">Fill out this field<\/div>\r\n<\/div>\r\n<div class=\"w-form-row for_agreement required\">\r\n\t\t<div class=\"w-form-row-field\">\r\n\t\t\t\t<label>\r\n\t\t\t<input type=\"checkbox\" value=\"1\" data-required=\"true\" aria-required=\"true\" name=\"us_form_1_agreement_1\"\/>\r\n\t\t\t<span>Jeg accepterer <a href=\"\/privacy\" target=\"_blank\">fortrolighedspolitikken<\/a>.<\/span>\r\n\t\t<\/label>\r\n\t\t\t<\/div>\r\n\t\t<div class=\"w-form-row-state\">You need to agree with the terms to proceed<\/div>\r\n<\/div>\r\n<input type=\"hidden\" name=\"action\" value=\"us_ajax_cform\" \/>\r\n<input type=\"hidden\" name=\"post_id\" value=\"2177\" \/>\r\n<input type=\"hidden\" name=\"form_index\" value=\"1\" \/>\r\n<div class=\"w-form-row for_submit align_none\"><button class=\"w-btn us-btn-style_1\" type=\"submit\" aria-label=\"Indsend\"><span class=\"g-preloader type_1\"><\/span><span class=\"w-btn-label\">Indsend<\/span><\/button><\/div><\/div><div class=\"w-form-message\"><\/div><div class=\"w-form-json hidden\" onclick='return {&quot;ajaxurl&quot;:&quot;https:\\\/\\\/wcarech.com\\\/wp-admin\\\/admin-ajax.php&quot;,&quot;messages&quot;:{&quot;err_empty&quot;:&quot;Fill out this field&quot;,&quot;err_size&quot;:&quot;File size cannot exceed %s MB&quot;,&quot;err_extension&quot;:&quot;%s file type is not allowed&quot;,&quot;err_recaptcha_keys&quot;:&quot;reCAPTCHA keys are incorrect&quot;}}'><\/div><\/form><\/div><\/div><\/div><\/div><\/section>\n<\/div><\/div><\/div><\/div><\/div><div class=\"w-separator size_medium\"><\/div><\/div><\/div><div class=\"wpb_column vc_column_container\"><div class=\"vc_column-inner\"><div class=\"w-image us_custom_47474b22 us_animate_this align_none\"><div class=\"w-image-h\"><img decoding=\"async\" width=\"1000\" height=\"758\" src=\"https:\/\/wcarech.com\/wp-content\/uploads\/2025\/09\/healthcare.jpg\" class=\"attachment-full size-full\" alt=\"\" loading=\"lazy\" srcset=\"https:\/\/wcarech.com\/wp-content\/uploads\/2025\/09\/healthcare.jpg 1000w, https:\/\/wcarech.com\/wp-content\/uploads\/2025\/09\/healthcare-300x227.jpg 300w\" sizes=\"auto, (max-width: 1000px) 100vw, 1000px\" \/><\/div><\/div><\/div><\/div><\/div><\/div><\/section>\n","protected":false},"excerpt":{"rendered":"Om osWorld Care Connect Health er en medicinsk platform til at finde den n\u00e6rmeste medicinske facilitet, hvis du skulle f\u00e5 en ulykke eller sygdom i udlandet. Vi sikrer altid h\u00f8je medicinske standarder p\u00e5 alle vores faciliteter. Vores m\u00e5l er at hj\u00e6lpe dig med det samme ved n\u00f8dsituationer eller organisere ambulanceoverf\u00f8rsel eller hotel-\/hjemmebes\u00f8g under din ferie....","protected":false},"author":1,"featured_media":0,"parent":0,"menu_order":0,"comment_status":"closed","ping_status":"closed","template":"","meta":{"_acf_changed":false,"_joinchat":[],"footnotes":""},"class_list":["post-1463","page","type-page","status-publish","hentry"],"acf":[],"yoast_head":"<!-- This site is optimized with the Yoast SEO Premium plugin v26.3 (Yoast SEO v27.3) - https:\/\/yoast.com\/product\/yoast-seo-premium-wordpress\/ -->\n<title>Om os - Worldcare Connect Health<\/title>\n<meta name=\"robots\" content=\"index, follow, max-snippet:-1, max-image-preview:large, max-video-preview:-1\" \/>\n<link rel=\"canonical\" href=\"https:\/\/wcarech.com\/da\/om-os\/\" \/>\n<meta property=\"og:locale\" content=\"da_DK\" \/>\n<meta property=\"og:type\" content=\"article\" \/>\n<meta property=\"og:title\" content=\"Om os\" \/>\n<meta property=\"og:url\" content=\"https:\/\/wcarech.com\/da\/om-os\/\" \/>\n<meta property=\"og:site_name\" content=\"Worldcare Connect Health\" \/>\n<meta property=\"article:modified_time\" content=\"2025-10-19T21:51:01+00:00\" \/>\n<meta property=\"og:image\" content=\"https:\/\/wcarech.com\/wp-content\/uploads\/2026\/01\/wordlcare.png\" \/>\n\t<meta property=\"og:image:width\" content=\"1200\" \/>\n\t<meta property=\"og:image:height\" content=\"675\" \/>\n\t<meta property=\"og:image:type\" content=\"image\/png\" \/>\n<meta name=\"twitter:card\" content=\"summary_large_image\" \/>\n<meta name=\"twitter:label1\" content=\"Estimeret l\u00e6setid\" \/>\n\t<meta name=\"twitter:data1\" content=\"1 minut\" \/>\n<script type=\"application\/ld+json\" class=\"yoast-schema-graph\">{\"@context\":\"https:\\\/\\\/schema.org\",\"@graph\":[{\"@type\":\"WebPage\",\"@id\":\"https:\\\/\\\/wcarech.com\\\/da\\\/om-os\\\/\",\"url\":\"https:\\\/\\\/wcarech.com\\\/da\\\/om-os\\\/\",\"name\":\"Om os - Worldcare Connect Health\",\"isPartOf\":{\"@id\":\"https:\\\/\\\/wcarech.com\\\/da\\\/#website\"},\"datePublished\":\"2025-09-04T12:56:58+00:00\",\"dateModified\":\"2025-10-19T21:51:01+00:00\",\"breadcrumb\":{\"@id\":\"https:\\\/\\\/wcarech.com\\\/da\\\/om-os\\\/#breadcrumb\"},\"inLanguage\":\"da-DK\",\"potentialAction\":[{\"@type\":\"ReadAction\",\"target\":[\"https:\\\/\\\/wcarech.com\\\/da\\\/om-os\\\/\"]}]},{\"@type\":\"BreadcrumbList\",\"@id\":\"https:\\\/\\\/wcarech.com\\\/da\\\/om-os\\\/#breadcrumb\",\"itemListElement\":[{\"@type\":\"ListItem\",\"position\":1,\"name\":\"Home\",\"item\":\"https:\\\/\\\/wcarech.com\\\/da\\\/hjemmeside\\\/\"},{\"@type\":\"ListItem\",\"position\":2,\"name\":\"Om os\"}]},{\"@type\":\"WebSite\",\"@id\":\"https:\\\/\\\/wcarech.com\\\/da\\\/#website\",\"url\":\"https:\\\/\\\/wcarech.com\\\/da\\\/\",\"name\":\"Worldcare Connect Health\",\"description\":\"Trust the best medical professionals during your stay in Tenerife. Personalized, fast care that meets European standards.\",\"publisher\":{\"@id\":\"https:\\\/\\\/wcarech.com\\\/da\\\/#organization\"},\"alternateName\":\"WCARECH.com\",\"potentialAction\":[{\"@type\":\"SearchAction\",\"target\":{\"@type\":\"EntryPoint\",\"urlTemplate\":\"https:\\\/\\\/wcarech.com\\\/da\\\/?s={search_term_string}\"},\"query-input\":{\"@type\":\"PropertyValueSpecification\",\"valueRequired\":true,\"valueName\":\"search_term_string\"}}],\"inLanguage\":\"da-DK\"},{\"@type\":[\"Organization\",\"Place\"],\"@id\":\"https:\\\/\\\/wcarech.com\\\/da\\\/#organization\",\"name\":\"Worldcare Connect Health\",\"alternateName\":\"Worldcare Connect Health\",\"url\":\"https:\\\/\\\/wcarech.com\\\/da\\\/\",\"logo\":{\"@id\":\"https:\\\/\\\/wcarech.com\\\/da\\\/om-os\\\/#local-main-organization-logo\"},\"image\":{\"@id\":\"https:\\\/\\\/wcarech.com\\\/da\\\/om-os\\\/#local-main-organization-logo\"},\"publishingPrinciples\":\"https:\\\/\\\/wcarech.com\\\/privacy\\\/\",\"telephone\":[],\"openingHoursSpecification\":[{\"@type\":\"OpeningHoursSpecification\",\"dayOfWeek\":[\"Monday\",\"Tuesday\",\"Wednesday\",\"Thursday\",\"Friday\",\"Saturday\",\"Sunday\"],\"opens\":\"09:00\",\"closes\":\"17:00\"}]},{\"@type\":\"ImageObject\",\"inLanguage\":\"da-DK\",\"@id\":\"https:\\\/\\\/wcarech.com\\\/da\\\/om-os\\\/#local-main-organization-logo\",\"url\":\"https:\\\/\\\/wcarech.com\\\/wp-content\\\/uploads\\\/2025\\\/09\\\/favicon.png\",\"contentUrl\":\"https:\\\/\\\/wcarech.com\\\/wp-content\\\/uploads\\\/2025\\\/09\\\/favicon.png\",\"width\":921,\"height\":921,\"caption\":\"Worldcare Connect Health\"}]}<\/script>\n<!-- \/ Yoast SEO Premium plugin. -->","yoast_head_json":{"title":"Om os - Worldcare Connect Health","robots":{"index":"index","follow":"follow","max-snippet":"max-snippet:-1","max-image-preview":"max-image-preview:large","max-video-preview":"max-video-preview:-1"},"canonical":"https:\/\/wcarech.com\/da\/om-os\/","og_locale":"da_DK","og_type":"article","og_title":"Om os","og_url":"https:\/\/wcarech.com\/da\/om-os\/","og_site_name":"Worldcare Connect Health","article_modified_time":"2025-10-19T21:51:01+00:00","og_image":[{"width":1200,"height":675,"url":"https:\/\/wcarech.com\/wp-content\/uploads\/2026\/01\/wordlcare.png","type":"image\/png"}],"twitter_card":"summary_large_image","twitter_misc":{"Estimeret l\u00e6setid":"1 minut"},"schema":{"@context":"https:\/\/schema.org","@graph":[{"@type":"WebPage","@id":"https:\/\/wcarech.com\/da\/om-os\/","url":"https:\/\/wcarech.com\/da\/om-os\/","name":"Om os - Worldcare Connect Health","isPartOf":{"@id":"https:\/\/wcarech.com\/da\/#website"},"datePublished":"2025-09-04T12:56:58+00:00","dateModified":"2025-10-19T21:51:01+00:00","breadcrumb":{"@id":"https:\/\/wcarech.com\/da\/om-os\/#breadcrumb"},"inLanguage":"da-DK","potentialAction":[{"@type":"ReadAction","target":["https:\/\/wcarech.com\/da\/om-os\/"]}]},{"@type":"BreadcrumbList","@id":"https:\/\/wcarech.com\/da\/om-os\/#breadcrumb","itemListElement":[{"@type":"ListItem","position":1,"name":"Home","item":"https:\/\/wcarech.com\/da\/hjemmeside\/"},{"@type":"ListItem","position":2,"name":"Om os"}]},{"@type":"WebSite","@id":"https:\/\/wcarech.com\/da\/#website","url":"https:\/\/wcarech.com\/da\/","name":"Worldcare Connect Health","description":"Trust the best medical professionals during your stay in Tenerife. Personalized, fast care that meets European standards.","publisher":{"@id":"https:\/\/wcarech.com\/da\/#organization"},"alternateName":"WCARECH.com","potentialAction":[{"@type":"SearchAction","target":{"@type":"EntryPoint","urlTemplate":"https:\/\/wcarech.com\/da\/?s={search_term_string}"},"query-input":{"@type":"PropertyValueSpecification","valueRequired":true,"valueName":"search_term_string"}}],"inLanguage":"da-DK"},{"@type":["Organization","Place"],"@id":"https:\/\/wcarech.com\/da\/#organization","name":"Worldcare Connect Health","alternateName":"Worldcare Connect Health","url":"https:\/\/wcarech.com\/da\/","logo":{"@id":"https:\/\/wcarech.com\/da\/om-os\/#local-main-organization-logo"},"image":{"@id":"https:\/\/wcarech.com\/da\/om-os\/#local-main-organization-logo"},"publishingPrinciples":"https:\/\/wcarech.com\/privacy\/","telephone":[],"openingHoursSpecification":[{"@type":"OpeningHoursSpecification","dayOfWeek":["Monday","Tuesday","Wednesday","Thursday","Friday","Saturday","Sunday"],"opens":"09:00","closes":"17:00"}]},{"@type":"ImageObject","inLanguage":"da-DK","@id":"https:\/\/wcarech.com\/da\/om-os\/#local-main-organization-logo","url":"https:\/\/wcarech.com\/wp-content\/uploads\/2025\/09\/favicon.png","contentUrl":"https:\/\/wcarech.com\/wp-content\/uploads\/2025\/09\/favicon.png","width":921,"height":921,"caption":"Worldcare Connect Health"}]}},"_links":{"self":[{"href":"https:\/\/wcarech.com\/da\/wp-json\/wp\/v2\/pages\/1463","targetHints":{"allow":["GET"]}}],"collection":[{"href":"https:\/\/wcarech.com\/da\/wp-json\/wp\/v2\/pages"}],"about":[{"href":"https:\/\/wcarech.com\/da\/wp-json\/wp\/v2\/types\/page"}],"author":[{"embeddable":true,"href":"https:\/\/wcarech.com\/da\/wp-json\/wp\/v2\/users\/1"}],"replies":[{"embeddable":true,"href":"https:\/\/wcarech.com\/da\/wp-json\/wp\/v2\/comments?post=1463"}],"version-history":[{"count":0,"href":"https:\/\/wcarech.com\/da\/wp-json\/wp\/v2\/pages\/1463\/revisions"}],"wp:attachment":[{"href":"https:\/\/wcarech.com\/da\/wp-json\/wp\/v2\/media?parent=1463"}],"curies":[{"name":"wp","href":"https:\/\/api.w.org\/{rel}","templated":true}]}}