{"id":1367,"date":"2025-09-04T13:56:58","date_gmt":"2025-09-04T12:56:58","guid":{"rendered":"https:\/\/wcarech.com\/?page_id=1367"},"modified":"2025-10-19T22:28:58","modified_gmt":"2025-10-19T21:28:58","slug":"om-oss","status":"publish","type":"page","link":"https:\/\/wcarech.com\/no\/om-oss\/","title":{"rendered":"Om oss"},"content":{"rendered":"<section class=\"l-section wpb_row us_custom_b8043cba height_medium\"><div class=\"l-section-h i-cf\"><div class=\"g-cols vc_row via_grid cols_1 laptops-cols_inherit tablets-cols_inherit mobiles-cols_1 valign_top type_default stacking_default\"><div class=\"wpb_column vc_column_container\"><div class=\"vc_column-inner\"><h1 class=\"w-post-elm post_title us_custom_e8d85284 has_text_color align_center entry-title color_link_inherit\">Om oss<\/h1><\/div><\/div><\/div><\/div><\/section><section class=\"l-section wpb_row height_large\"><div class=\"l-section-h i-cf\"><div class=\"g-cols vc_row via_grid cols_2 laptops-cols_inherit tablets-cols_inherit mobiles-cols_1 valign_top type_default stacking_default\"><div class=\"wpb_column vc_column_container\"><div class=\"vc_column-inner\"><div class=\"wpb_text_column\"><div class=\"wpb_wrapper\"><p>World Care Connect Health er en medisinsk plattform for \u00e5 finne n\u00e6rmeste medisinske fasilitet hvis du skulle f\u00e5 en ulykke eller sykdom i utlandet. Vi sikrer alltid h\u00f8ye medisinske standarder ved alle v\u00e5re fasiliteter. M\u00e5let v\u00e5rt er \u00e5 hjelpe deg umiddelbart ved n\u00f8dstilfeller eller organisere ambulanseoverf\u00f8ring eller hotell-\/hjemmebes\u00f8k under ferien din. Vi har avtaler med alle internasjonale reise- og assistanseselskaper, og tolker er tilgjengelig uten ekstra kostnad.<\/p>\n<p>Stol p\u00e5 v\u00e5re medisinske fagfolk under ditt opphold p\u00e5 Tenerife. Personlig, rask omsorg som oppfyller internasjonale standarder.<\/p>\n<\/div><\/div><div class=\"w-separator size_medium\"><\/div><div class=\"w-popup us_custom_211707e8 w-btn-wrapper align_center\"><button class=\"w-popup-trigger type_btn w-btn us-btn-style_3 icon_atleft\" style=\"font-size:1.2rem\" aria-label=\"Time hos spesialist\" type=\"button\"><i class=\"far fa-user-md\"><\/i><span class=\"w-btn-label\">Time hos spesialist<\/span><\/button><div class=\"w-popup-overlay\" style=\"background:rgba(0,0,0,0.85);\"><\/div><div class=\"w-popup-wrap layout_default\" role=\"dialog\" aria-modal=\"true\" aria-label=\"Popup\" style=\"--title-color:var(--color-content-heading);--title-bg-color:var(--color-content-bg-alt-grad, var(--color-content-bg-alt) );--content-color:var(--color-content-text);--content-bg-color:var(--color-content-bg);--popup-width:600px;--popup-padding:5%;\"><button aria-label=\"Lukk\" class=\"w-popup-closer\" type=\"button\"><\/button><div class=\"w-popup-box animation_fadeIn closerpos_outside without_title\"><div class=\"w-popup-box-h\"><div class=\"w-popup-box-content\"><section class=\"l-section wpb_row height_large\"><div class=\"l-section-h i-cf\"><div class=\"g-cols vc_row via_grid cols_1 laptops-cols_inherit tablets-cols_inherit mobiles-cols_1 valign_top type_default stacking_default\"><div class=\"wpb_column vc_column_container\"><div class=\"vc_column-inner\"><div class=\"wpb_text_column\"><div class=\"wpb_wrapper\"><h5 style=\"text-align: left;\">Hvis du oppgir dine opplysninger til oss, vil vi kontakte deg s\u00e5 snart som mulig.<\/h5>\n<\/div><\/div><div class=\"w-separator size_small\"><\/div><form class=\"w-form  us-field-style_1 layout_ver show_message_after_sending for_cform us_form_1\" action=\"https:\/\/wcarech.com\/no\/wp-json\/wp\/v2\/pages\/1367\" method=\"post\"><div class=\"w-form-h\"><div class=\"w-form-row for_text required with_icon\">\r\n\t\t<div class=\"w-form-row-field\">\r\n\t\t\t\t<i class=\"far fa-user\"><\/i>\t\t<input aria-label=\"Fullt navn\" type=\"text\" name=\"us_form_1_text_1\" value placeholder=\"Fullt navn *\" data-required=\"true\" aria-required=\"true\"\/>\r\n\t\t\t<\/div>\r\n\t\t<div class=\"w-form-row-state\">Fill out this field<\/div>\r\n<\/div>\r\n<div class=\"w-form-row for_checkboxes has_label required\">\r\n\t\t\t<div class=\"w-form-row-label\">\r\n\t\t\t<span>Hvilket spr\u00e5k foretrekker du? <span class=\"required\">*<\/span><\/span>\r\n\t\t<\/div>\r\n\t\t<div class=\"w-form-row-field\">\r\n\t\t\t\t\t<label>\r\n\t\t\t\t<input type=\"checkbox\" name=\"us_form_1_checkboxes_1[]\" data-required=\"true\" value=\"Tysk\"\/>\r\n\t\t\t\t<span>Tysk<\/span>\r\n\t\t\t<\/label>\r\n\t\t\t\t\t\t<label>\r\n\t\t\t\t<input type=\"checkbox\" name=\"us_form_1_checkboxes_1[]\" data-required=\"true\" value=\"Spansk\"\/>\r\n\t\t\t\t<span>Spansk<\/span>\r\n\t\t\t<\/label>\r\n\t\t\t\t\t\t<label>\r\n\t\t\t\t<input type=\"checkbox\" name=\"us_form_1_checkboxes_1[]\" data-required=\"true\" value=\"Engelsk\"\/>\r\n\t\t\t\t<span>Engelsk<\/span>\r\n\t\t\t<\/label>\r\n\t\t\t\t\t\t<label>\r\n\t\t\t\t<input type=\"checkbox\" name=\"us_form_1_checkboxes_1[]\" data-required=\"true\" value=\"Fransk\"\/>\r\n\t\t\t\t<span>Fransk<\/span>\r\n\t\t\t<\/label>\r\n\t\t\t\t\t\t<label>\r\n\t\t\t\t<input type=\"checkbox\" name=\"us_form_1_checkboxes_1[]\" data-required=\"true\" value=\"Flamsk\"\/>\r\n\t\t\t\t<span>Flamsk<\/span>\r\n\t\t\t<\/label>\r\n\t\t\t\t\t\t<label>\r\n\t\t\t\t<input type=\"checkbox\" name=\"us_form_1_checkboxes_1[]\" data-required=\"true\" value=\"Svensk\"\/>\r\n\t\t\t\t<span>Svensk<\/span>\r\n\t\t\t<\/label>\r\n\t\t\t\t\t\t<label>\r\n\t\t\t\t<input type=\"checkbox\" name=\"us_form_1_checkboxes_1[]\" data-required=\"true\" value=\"Russisk\"\/>\r\n\t\t\t\t<span>Russisk<\/span>\r\n\t\t\t<\/label>\r\n\t\t\t\t<\/div>\r\n\t\t<div class=\"w-form-row-state\">Select an option<\/div>\r\n<\/div>\r\n<div class=\"w-form-row for_select has_label\">\r\n\t\t\t<div class=\"w-form-row-label\">\r\n\t\t\t<span>Velg sykehus\/sone<\/span>\r\n\t\t<\/div>\r\n\t\t<div class=\"w-form-row-field\">\r\n\t\t\t\t\t\t<select aria-label=\"Velg sykehus\/sone\" name=\"us_form_1_select_1\">\r\n\t\t\t<option value=\"Hospital Quir\u00f3nsalud Costa Adeje (Costa Adeje)\">Hospital Quir\u00f3nsalud Costa Adeje (Costa Adeje)<\/option><option value=\"Hospital Quir\u00f3nsalud Vida (La Orotava)\">Hospital Quir\u00f3nsalud Vida (La Orotava)<\/option><option value=\"Medical Center Quir\u00f3nsalud Vida Puerto (Puerto de la Cruz)\">Medical Center Quir\u00f3nsalud Vida Puerto (Puerto de la Cruz)<\/option><option value=\"Hospital Quir\u00f3nsalud Tenerife (Santa Cruz de Tenerife)\">Hospital Quir\u00f3nsalud Tenerife (Santa Cruz de Tenerife)<\/option><option value=\"\"><\/option>\t\t<\/select>\r\n\t\t\t<\/div>\r\n\t\t<div class=\"w-form-row-state\">Select an option<\/div>\r\n<\/div>\r\n<div class=\"w-form-row for_select has_label required\">\r\n\t\t\t<div class=\"w-form-row-label\">\r\n\t\t\t<span>Spesialist *<\/span>\r\n\t\t<\/div>\r\n\t\t<div class=\"w-form-row-field\">\r\n\t\t\t\t\t\t<select aria-label=\"Spesialist\" data-required=\"true\" aria-required=\"true\" name=\"us_form_1_select_2\">\r\n\t\t\t<option value=\"Allergologi\">Allergologi<\/option><option value=\"Anatomi og patologi\">Anatomi og patologi<\/option><option value=\"Anestesiologi og resuscitering\">Anestesiologi og resuscitering<\/option><option value=\"Angiologi og karkirurgi\">Angiologi og karkirurgi<\/option><option value=\"Kardiologi\">Kardiologi<\/option><option value=\"Hjertekirurgi\">Hjertekirurgi<\/option><option value=\"Helsekontroller\">Helsekontroller<\/option><option value=\"Klinisk analyse og biokjemi\">Klinisk analyse og biokjemi<\/option><option value=\"Klinisk nevrofysiologi\">Klinisk nevrofysiologi<\/option><option value=\"Klinisk psykologi\">Klinisk psykologi<\/option><option value=\"Allmennmedisin og familiehelse\">Allmennmedisin og familiehelse<\/option><option value=\"Komplement\u00e6rmedisin\">Komplement\u00e6rmedisin<\/option><option value=\"Ford\u00f8yelsessystemet\">Ford\u00f8yelsessystemet<\/option><option value=\"Akutt- og intensivmedisin\">Akutt- og intensivmedisin<\/option><option value=\"Endokrinologi og ern\u00e6ring\">Endokrinologi og ern\u00e6ring<\/option><option value=\"Generell og ford\u00f8yelseskirurgi\">Generell og ford\u00f8yelseskirurgi<\/option><option value=\"Geriatri og palliativ omsorg\">Geriatri og palliativ omsorg<\/option><option value=\"Gynekologi og obstetrikk\">Gynekologi og obstetrikk<\/option><option value=\"Hematologi og hemoterapi\">Hematologi og hemoterapi<\/option><option value=\"Immunologi\">Immunologi<\/option><option value=\"Infeksjonssykdommer\">Infeksjonssykdommer<\/option><option value=\"Indremedisin\">Indremedisin<\/option><option value=\"Logopedi\">Logopedi<\/option><option value=\"Medisinsk estetikk\">Medisinsk estetikk<\/option><option value=\"Medisinsk onkologi\">Medisinsk onkologi<\/option><option value=\"Mikrobiologi og parasittologi\">Mikrobiologi og parasittologi<\/option><option value=\"Nukle\u00e6rmedisin\">Nukle\u00e6rmedisin<\/option><option value=\"Arbeidsmedisin\">Arbeidsmedisin<\/option><option value=\"Oftalmologi\">Oftalmologi<\/option><option value=\"Munn- og kjevekirurgi\">Munn- og kjevekirurgi<\/option><option value=\"Ortopedi og traumakirurgi (inkludert pediatrisk kirurgi ved behov)\">Ortopedi og traumakirurgi (inkludert pediatrisk kirurgi ved behov)<\/option><option value=\"\u00d8re-nese-hals (\u00d8NH)\">\u00d8re-nese-hals (\u00d8NH)<\/option><option value=\"Pediatrisk nevrologi\">Pediatrisk nevrologi<\/option><option value=\"Pediatri og spesifikke omr\u00e5der\">Pediatri og spesifikke omr\u00e5der<\/option><option value=\"Pediatrisk kirurgi\">Pediatrisk kirurgi<\/option><option value=\"Fysikalsk medisin og rehabilitering\">Fysikalsk medisin og rehabilitering<\/option><option value=\"Plastisk, estetisk og rekonstruktiv kirurgi\">Plastisk, estetisk og rekonstruktiv kirurgi<\/option><option value=\"Fotpleie\">Fotpleie<\/option><option value=\"Forebyggende medisin og folkehelse\">Forebyggende medisin og folkehelse<\/option><option value=\"Psykiatri\">Psykiatri<\/option><option value=\"Str\u00e5leterapi onkologi\">Str\u00e5leterapi onkologi<\/option><option value=\"Luftveismedisin (pneumologi)\">Luftveismedisin (pneumologi)<\/option><option value=\"Taleterapi (alternativ for logopedi hvis \u00f8nskelig)\">Taleterapi (alternativ for logopedi hvis \u00f8nskelig)<\/option><option value=\"Idrettsmedisin\">Idrettsmedisin<\/option><option value=\"Brystkirurgi\">Brystkirurgi<\/option><option value=\"Venereologi og dermatologi\">Venereologi og dermatologi<\/option>\t\t<\/select>\r\n\t\t\t<\/div>\r\n\t\t<div class=\"w-form-row-state\">Select an option<\/div>\r\n<\/div>\r\n<div class=\"w-form-row for_email required with_icon\">\r\n\t\t<div class=\"w-form-row-field\">\r\n\t\t\t\t<i class=\"far fa-envelope\"><\/i>\t\t<input aria-label=\"Email\" type=\"email\" name=\"us_form_1_email_1\" value placeholder=\"Email *\" data-required=\"true\" aria-required=\"true\"\/>\r\n\t\t\t<\/div>\r\n\t\t<div class=\"w-form-row-state\">Skriv inn en gyldig e-postadresse.<\/div>\r\n<\/div>\r\n<div class=\"w-form-row for_select required cols_2\">\r\n\t\t<div class=\"w-form-row-field\">\r\n\t\t\t\t\t\t<select aria-label=\"us_form_1_select_3\" data-required=\"true\" aria-required=\"true\" name=\"us_form_1_select_3\">\r\n\t\t\t<option value=\"-- Velg prefiks -- \">-- Velg prefiks -- <\/option><option value=\"Spania (+34)\">Spania (+34)<\/option><option value=\"Portugal (+351)\">Portugal (+351)<\/option><option value=\"Frankrike (+33)\">Frankrike (+33)<\/option><option value=\"Italia (+39)\">Italia (+39)<\/option><option value=\"Tyskland (+49)\">Tyskland (+49)<\/option><option value=\"Storbritannia (+44)\">Storbritannia (+44)<\/option><option value=\"Irland (+353)\">Irland (+353)<\/option><option value=\"Belgia (+32)\">Belgia (+32)<\/option><option value=\"Nederland (+31)\">Nederland (+31)<\/option><option value=\"Sveits (+41)\">Sveits (+41)<\/option><option value=\"\u00d8sterrike (+43)\">\u00d8sterrike (+43)<\/option><option value=\"Sverige (+46)\">Sverige (+46)<\/option><option value=\"Norge (+47)\">Norge (+47)<\/option><option value=\"Danmark (+45)\">Danmark (+45)<\/option><option value=\"Finland (+358)\">Finland (+358)<\/option><option value=\"Polen (+48)\">Polen (+48)<\/option><option value=\"Tsjekkia (+420)\">Tsjekkia (+420)<\/option><option value=\"Ungarn (+36)\">Ungarn (+36)<\/option><option value=\"Hellas (+30)\">Hellas (+30)<\/option><option value=\"Tyrkia (+90)\">Tyrkia (+90)<\/option><option value=\"USA\/Canada (+1)\">USA\/Canada (+1)<\/option><option value=\"Mexico (+52)\">Mexico (+52)<\/option><option value=\"Argentina (+54)\">Argentina (+54)<\/option><option value=\"Brasil (+55)\">Brasil (+55)<\/option><option value=\"Chile (+56)\">Chile (+56)<\/option><option value=\"Colombia (+57)\">Colombia (+57)<\/option><option value=\"Venezuela (+58)\">Venezuela (+58)<\/option><option value=\"Peru (+51)\">Peru (+51)<\/option><option value=\"Uruguay (+598)\">Uruguay (+598)<\/option><option value=\"Bolivia (+591)\">Bolivia (+591)<\/option><option value=\"Ecuador (+593)\">Ecuador (+593)<\/option><option value=\"Costa Rica (+506)\">Costa Rica (+506)<\/option><option value=\"Panama (+507)\">Panama (+507)<\/option><option value=\"Cuba (+53)\">Cuba (+53)<\/option><option value=\"Den Dominikanske Republikk (+1-809 \/ +1-829 \/ +1-849)\">Den Dominikanske Republikk (+1-809 \/ +1-829 \/ +1-849)<\/option><option value=\"Marokko (+212)\">Marokko (+212)<\/option><option value=\"Algerie (+213)\">Algerie (+213)<\/option><option value=\"Tunisia (+216)\">Tunisia (+216)<\/option><option value=\"Egypt (+20)\">Egypt (+20)<\/option><option value=\"S\u00f8r-Afrika (+27)\">S\u00f8r-Afrika (+27)<\/option><option value=\"Nigeria (+234)\">Nigeria (+234)<\/option><option value=\"Kenya (+254)\">Kenya (+254)<\/option><option value=\"Senegal (+221)\">Senegal (+221)<\/option><option value=\"Ghana (+233)\">Ghana (+233)<\/option><option value=\"Kina (+86)\">Kina (+86)<\/option><option value=\"Japan (+81)\">Japan (+81)<\/option><option value=\"India (+91)\">India (+91)<\/option><option value=\"Russland (+7)\">Russland (+7)<\/option><option value=\"Saudi-Arabia (+966)\">Saudi-Arabia (+966)<\/option><option value=\"De forente arabiske emirater (+971)\">De forente arabiske emirater (+971)<\/option><option value=\"Israel (+972)\">Israel (+972)<\/option><option value=\"Iran (+98)\">Iran (+98)<\/option><option value=\"S\u00f8r-Korea (+82)\">S\u00f8r-Korea (+82)<\/option><option value=\"Thailand (+66)\">Thailand (+66)<\/option><option value=\"Filippinene (+63)\">Filippinene (+63)<\/option><option value=\"Indonesia (+62)\">Indonesia (+62)<\/option><option value=\"Australia (+61)\">Australia (+61)<\/option><option value=\"New Zealand (+64)\">New Zealand (+64)<\/option><option value=\"Fiji (+679)\">Fiji (+679)<\/option><option value=\"Papua Ny-Guinea (+675)\">Papua Ny-Guinea (+675)<\/option>\t\t<\/select>\r\n\t\t\t<\/div>\r\n\t\t<div class=\"w-form-row-state\">Select an option<\/div>\r\n<\/div>\r\n<div class=\"w-form-row for_text required with_icon cols_2\">\r\n\t\t<div class=\"w-form-row-field\">\r\n\t\t\t\t<i class=\"fas fa-phone\"><\/i>\t\t<input aria-label=\"Telefonnummer\" type=\"text\" name=\"us_form_1_text_2\" value placeholder=\"Telefonnummer *\" data-required=\"true\" aria-required=\"true\"\/>\r\n\t\t\t<\/div>\r\n\t\t<div class=\"w-form-row-state\">Fill out this field<\/div>\r\n<\/div>\r\n<div class=\"w-form-row for_text cols_2\">\r\n\t\t<div class=\"w-form-row-field\">\r\n\t\t\t\t\t\t<input aria-label=\"Hotellnavn\" type=\"text\" name=\"us_form_1_text_3\" value placeholder=\"Hotellnavn\"\/>\r\n\t\t\t<\/div>\r\n\t\t<div class=\"w-form-row-state\">Fill out this field<\/div>\r\n<\/div>\r\n<div class=\"w-form-row for_text cols_2\">\r\n\t\t<div class=\"w-form-row-field\">\r\n\t\t\t\t\t\t<input aria-label=\"Romnummer\" type=\"text\" name=\"us_form_1_text_4\" value placeholder=\"Romnummer\"\/>\r\n\t\t\t<\/div>\r\n\t\t<div class=\"w-form-row-state\">Fill out this field<\/div>\r\n<\/div>\r\n<div class=\"w-form-row for_textarea required\">\r\n\t\t<div class=\"w-form-row-field\">\r\n\t\t\t\t\t\t<textarea aria-label=\"Tekst\" name=\"us_form_1_textarea_1\" placeholder=\"Tekst *\" data-required=\"true\" aria-required=\"true\"><\/textarea>\r\n\t\t\t<\/div>\r\n\t\t<div class=\"w-form-row-state\">Fill out this field<\/div>\r\n<\/div>\r\n<div class=\"w-form-row for_agreement required\">\r\n\t\t<div class=\"w-form-row-field\">\r\n\t\t\t\t<label>\r\n\t\t\t<input type=\"checkbox\" value=\"1\" data-required=\"true\" aria-required=\"true\" name=\"us_form_1_agreement_1\"\/>\r\n\t\t\t<span>Jeg godtar <a href=\"\/privacy\" target=\"_blank\">personvernreglene<\/a>.<\/span>\r\n\t\t<\/label>\r\n\t\t\t<\/div>\r\n\t\t<div class=\"w-form-row-state\">You need to agree with the terms to proceed<\/div>\r\n<\/div>\r\n<input type=\"hidden\" name=\"action\" value=\"us_ajax_cform\" \/>\r\n<input type=\"hidden\" name=\"post_id\" value=\"2203\" \/>\r\n<input type=\"hidden\" name=\"form_index\" value=\"1\" \/>\r\n<div class=\"w-form-row for_submit align_none\"><button class=\"w-btn us-btn-style_1\" type=\"submit\" aria-label=\"Send inn\"><span class=\"g-preloader type_1\"><\/span><span class=\"w-btn-label\">Send inn<\/span><\/button><\/div><\/div><div class=\"w-form-message\"><\/div><div class=\"w-form-json hidden\" onclick='return {&quot;ajaxurl&quot;:&quot;https:\\\/\\\/wcarech.com\\\/wp-admin\\\/admin-ajax.php&quot;,&quot;messages&quot;:{&quot;err_empty&quot;:&quot;Fill out this field&quot;,&quot;err_size&quot;:&quot;File size cannot exceed %s MB&quot;,&quot;err_extension&quot;:&quot;%s file type is not allowed&quot;,&quot;err_recaptcha_keys&quot;:&quot;reCAPTCHA keys are incorrect&quot;}}'><\/div><\/form><\/div><\/div><\/div><\/div><\/section>\n<\/div><\/div><\/div><\/div><\/div><div class=\"w-separator size_medium\"><\/div><\/div><\/div><div class=\"wpb_column vc_column_container\"><div class=\"vc_column-inner\"><div class=\"w-image us_custom_47474b22 us_animate_this align_none\"><div class=\"w-image-h\"><img decoding=\"async\" width=\"1000\" height=\"758\" src=\"https:\/\/wcarech.com\/wp-content\/uploads\/2025\/09\/healthcare.jpg\" class=\"attachment-full size-full\" alt=\"\" loading=\"lazy\" srcset=\"https:\/\/wcarech.com\/wp-content\/uploads\/2025\/09\/healthcare.jpg 1000w, https:\/\/wcarech.com\/wp-content\/uploads\/2025\/09\/healthcare-300x227.jpg 300w\" sizes=\"auto, (max-width: 1000px) 100vw, 1000px\" \/><\/div><\/div><\/div><\/div><\/div><\/div><\/section>\n","protected":false},"excerpt":{"rendered":"Om ossWorld Care Connect Health er en medisinsk plattform for \u00e5 finne n\u00e6rmeste medisinske fasilitet hvis du skulle f\u00e5 en ulykke eller sykdom i utlandet. Vi sikrer alltid h\u00f8ye medisinske standarder ved alle v\u00e5re fasiliteter. M\u00e5let v\u00e5rt er \u00e5 hjelpe deg umiddelbart ved n\u00f8dstilfeller eller organisere ambulanseoverf\u00f8ring eller hotell-\/hjemmebes\u00f8k under ferien din. Vi har avtaler...","protected":false},"author":1,"featured_media":0,"parent":0,"menu_order":0,"comment_status":"closed","ping_status":"closed","template":"","meta":{"_acf_changed":false,"_joinchat":[],"footnotes":""},"class_list":["post-1367","page","type-page","status-publish","hentry"],"acf":[],"yoast_head":"<!-- This site is optimized with the Yoast SEO Premium plugin v26.3 (Yoast SEO v27.3) - https:\/\/yoast.com\/product\/yoast-seo-premium-wordpress\/ -->\n<title>Om oss - Worldcare Connect Health<\/title>\n<meta name=\"robots\" content=\"index, follow, max-snippet:-1, max-image-preview:large, max-video-preview:-1\" \/>\n<link rel=\"canonical\" href=\"https:\/\/wcarech.com\/no\/om-oss\/\" \/>\n<meta property=\"og:locale\" content=\"nb_NO\" \/>\n<meta property=\"og:type\" content=\"article\" \/>\n<meta property=\"og:title\" content=\"Om oss\" \/>\n<meta property=\"og:url\" content=\"https:\/\/wcarech.com\/no\/om-oss\/\" \/>\n<meta property=\"og:site_name\" content=\"Worldcare Connect Health\" \/>\n<meta property=\"article:modified_time\" content=\"2025-10-19T21:28:58+00:00\" \/>\n<meta property=\"og:image\" content=\"https:\/\/wcarech.com\/wp-content\/uploads\/2026\/01\/wordlcare.png\" \/>\n\t<meta property=\"og:image:width\" content=\"1200\" \/>\n\t<meta property=\"og:image:height\" content=\"675\" \/>\n\t<meta property=\"og:image:type\" content=\"image\/png\" \/>\n<meta name=\"twitter:card\" content=\"summary_large_image\" \/>\n<meta name=\"twitter:label1\" content=\"Ansl. lesetid\" \/>\n\t<meta name=\"twitter:data1\" content=\"1 minutt\" \/>\n<script type=\"application\/ld+json\" class=\"yoast-schema-graph\">{\"@context\":\"https:\\\/\\\/schema.org\",\"@graph\":[{\"@type\":\"WebPage\",\"@id\":\"https:\\\/\\\/wcarech.com\\\/no\\\/om-oss\\\/\",\"url\":\"https:\\\/\\\/wcarech.com\\\/no\\\/om-oss\\\/\",\"name\":\"Om oss - Worldcare Connect Health\",\"isPartOf\":{\"@id\":\"https:\\\/\\\/wcarech.com\\\/no\\\/#website\"},\"datePublished\":\"2025-09-04T12:56:58+00:00\",\"dateModified\":\"2025-10-19T21:28:58+00:00\",\"breadcrumb\":{\"@id\":\"https:\\\/\\\/wcarech.com\\\/no\\\/om-oss\\\/#breadcrumb\"},\"inLanguage\":\"nb-NO\",\"potentialAction\":[{\"@type\":\"ReadAction\",\"target\":[\"https:\\\/\\\/wcarech.com\\\/no\\\/om-oss\\\/\"]}]},{\"@type\":\"BreadcrumbList\",\"@id\":\"https:\\\/\\\/wcarech.com\\\/no\\\/om-oss\\\/#breadcrumb\",\"itemListElement\":[{\"@type\":\"ListItem\",\"position\":1,\"name\":\"Home\",\"item\":\"https:\\\/\\\/wcarech.com\\\/no\\\/hjemmeside\\\/\"},{\"@type\":\"ListItem\",\"position\":2,\"name\":\"Om oss\"}]},{\"@type\":\"WebSite\",\"@id\":\"https:\\\/\\\/wcarech.com\\\/no\\\/#website\",\"url\":\"https:\\\/\\\/wcarech.com\\\/no\\\/\",\"name\":\"Worldcare Connect Health\",\"description\":\"Trust the best medical professionals during your stay in Tenerife. Personalized, fast care that meets European standards.\",\"publisher\":{\"@id\":\"https:\\\/\\\/wcarech.com\\\/no\\\/#organization\"},\"alternateName\":\"WCARECH.com\",\"potentialAction\":[{\"@type\":\"SearchAction\",\"target\":{\"@type\":\"EntryPoint\",\"urlTemplate\":\"https:\\\/\\\/wcarech.com\\\/no\\\/?s={search_term_string}\"},\"query-input\":{\"@type\":\"PropertyValueSpecification\",\"valueRequired\":true,\"valueName\":\"search_term_string\"}}],\"inLanguage\":\"nb-NO\"},{\"@type\":[\"Organization\",\"Place\"],\"@id\":\"https:\\\/\\\/wcarech.com\\\/no\\\/#organization\",\"name\":\"Worldcare Connect Health\",\"alternateName\":\"Worldcare Connect Health\",\"url\":\"https:\\\/\\\/wcarech.com\\\/no\\\/\",\"logo\":{\"@id\":\"https:\\\/\\\/wcarech.com\\\/no\\\/om-oss\\\/#local-main-organization-logo\"},\"image\":{\"@id\":\"https:\\\/\\\/wcarech.com\\\/no\\\/om-oss\\\/#local-main-organization-logo\"},\"publishingPrinciples\":\"https:\\\/\\\/wcarech.com\\\/privacy\\\/\",\"telephone\":[],\"openingHoursSpecification\":[{\"@type\":\"OpeningHoursSpecification\",\"dayOfWeek\":[\"Monday\",\"Tuesday\",\"Wednesday\",\"Thursday\",\"Friday\",\"Saturday\",\"Sunday\"],\"opens\":\"09:00\",\"closes\":\"17:00\"}]},{\"@type\":\"ImageObject\",\"inLanguage\":\"nb-NO\",\"@id\":\"https:\\\/\\\/wcarech.com\\\/no\\\/om-oss\\\/#local-main-organization-logo\",\"url\":\"https:\\\/\\\/wcarech.com\\\/wp-content\\\/uploads\\\/2025\\\/09\\\/favicon.png\",\"contentUrl\":\"https:\\\/\\\/wcarech.com\\\/wp-content\\\/uploads\\\/2025\\\/09\\\/favicon.png\",\"width\":921,\"height\":921,\"caption\":\"Worldcare Connect Health\"}]}<\/script>\n<!-- \/ Yoast SEO Premium plugin. -->","yoast_head_json":{"title":"Om oss - Worldcare Connect Health","robots":{"index":"index","follow":"follow","max-snippet":"max-snippet:-1","max-image-preview":"max-image-preview:large","max-video-preview":"max-video-preview:-1"},"canonical":"https:\/\/wcarech.com\/no\/om-oss\/","og_locale":"nb_NO","og_type":"article","og_title":"Om oss","og_url":"https:\/\/wcarech.com\/no\/om-oss\/","og_site_name":"Worldcare Connect Health","article_modified_time":"2025-10-19T21:28:58+00:00","og_image":[{"width":1200,"height":675,"url":"https:\/\/wcarech.com\/wp-content\/uploads\/2026\/01\/wordlcare.png","type":"image\/png"}],"twitter_card":"summary_large_image","twitter_misc":{"Ansl. lesetid":"1 minutt"},"schema":{"@context":"https:\/\/schema.org","@graph":[{"@type":"WebPage","@id":"https:\/\/wcarech.com\/no\/om-oss\/","url":"https:\/\/wcarech.com\/no\/om-oss\/","name":"Om oss - Worldcare Connect Health","isPartOf":{"@id":"https:\/\/wcarech.com\/no\/#website"},"datePublished":"2025-09-04T12:56:58+00:00","dateModified":"2025-10-19T21:28:58+00:00","breadcrumb":{"@id":"https:\/\/wcarech.com\/no\/om-oss\/#breadcrumb"},"inLanguage":"nb-NO","potentialAction":[{"@type":"ReadAction","target":["https:\/\/wcarech.com\/no\/om-oss\/"]}]},{"@type":"BreadcrumbList","@id":"https:\/\/wcarech.com\/no\/om-oss\/#breadcrumb","itemListElement":[{"@type":"ListItem","position":1,"name":"Home","item":"https:\/\/wcarech.com\/no\/hjemmeside\/"},{"@type":"ListItem","position":2,"name":"Om oss"}]},{"@type":"WebSite","@id":"https:\/\/wcarech.com\/no\/#website","url":"https:\/\/wcarech.com\/no\/","name":"Worldcare Connect Health","description":"Trust the best medical professionals during your stay in Tenerife. Personalized, fast care that meets European standards.","publisher":{"@id":"https:\/\/wcarech.com\/no\/#organization"},"alternateName":"WCARECH.com","potentialAction":[{"@type":"SearchAction","target":{"@type":"EntryPoint","urlTemplate":"https:\/\/wcarech.com\/no\/?s={search_term_string}"},"query-input":{"@type":"PropertyValueSpecification","valueRequired":true,"valueName":"search_term_string"}}],"inLanguage":"nb-NO"},{"@type":["Organization","Place"],"@id":"https:\/\/wcarech.com\/no\/#organization","name":"Worldcare Connect Health","alternateName":"Worldcare Connect Health","url":"https:\/\/wcarech.com\/no\/","logo":{"@id":"https:\/\/wcarech.com\/no\/om-oss\/#local-main-organization-logo"},"image":{"@id":"https:\/\/wcarech.com\/no\/om-oss\/#local-main-organization-logo"},"publishingPrinciples":"https:\/\/wcarech.com\/privacy\/","telephone":[],"openingHoursSpecification":[{"@type":"OpeningHoursSpecification","dayOfWeek":["Monday","Tuesday","Wednesday","Thursday","Friday","Saturday","Sunday"],"opens":"09:00","closes":"17:00"}]},{"@type":"ImageObject","inLanguage":"nb-NO","@id":"https:\/\/wcarech.com\/no\/om-oss\/#local-main-organization-logo","url":"https:\/\/wcarech.com\/wp-content\/uploads\/2025\/09\/favicon.png","contentUrl":"https:\/\/wcarech.com\/wp-content\/uploads\/2025\/09\/favicon.png","width":921,"height":921,"caption":"Worldcare Connect Health"}]}},"_links":{"self":[{"href":"https:\/\/wcarech.com\/no\/wp-json\/wp\/v2\/pages\/1367","targetHints":{"allow":["GET"]}}],"collection":[{"href":"https:\/\/wcarech.com\/no\/wp-json\/wp\/v2\/pages"}],"about":[{"href":"https:\/\/wcarech.com\/no\/wp-json\/wp\/v2\/types\/page"}],"author":[{"embeddable":true,"href":"https:\/\/wcarech.com\/no\/wp-json\/wp\/v2\/users\/1"}],"replies":[{"embeddable":true,"href":"https:\/\/wcarech.com\/no\/wp-json\/wp\/v2\/comments?post=1367"}],"version-history":[{"count":0,"href":"https:\/\/wcarech.com\/no\/wp-json\/wp\/v2\/pages\/1367\/revisions"}],"wp:attachment":[{"href":"https:\/\/wcarech.com\/no\/wp-json\/wp\/v2\/media?parent=1367"}],"curies":[{"name":"wp","href":"https:\/\/api.w.org\/{rel}","templated":true}]}}