{"id":1915,"date":"2025-09-04T12:38:19","date_gmt":"2025-09-04T11:38:19","guid":{"rendered":"https:\/\/wcarech.com\/?page_id=1915"},"modified":"2025-11-04T09:21:01","modified_gmt":"2025-11-04T08:21:01","slug":"akceptowane-ubezpieczenia","status":"publish","type":"page","link":"https:\/\/wcarech.com\/pl\/akceptowane-ubezpieczenia\/","title":{"rendered":"Akceptowane ubezpieczenia"},"content":{"rendered":"<section class=\"l-section wpb_row us_custom_b8043cba height_medium\"><div class=\"l-section-h i-cf\"><div class=\"g-cols vc_row via_grid cols_1 laptops-cols_inherit tablets-cols_inherit mobiles-cols_1 valign_top type_default stacking_default\"><div class=\"wpb_column vc_column_container\"><div class=\"vc_column-inner\"><h1 class=\"w-post-elm post_title us_custom_e8d85284 has_text_color align_center entry-title color_link_inherit\">Akceptowane ubezpieczenia<\/h1><\/div><\/div><\/div><\/div><\/section><section class=\"l-section wpb_row height_medium with_img parallax_fixed\"><div class=\"l-section-img\" role=\"img\" aria-label=\"Obrazek\" data-img-width=\"1920\" data-img-height=\"750\" style=\"background-image: url(https:\/\/wcarech.com\/wp-content\/uploads\/2025\/09\/bg-heart.png);background-position: bottom left;background-repeat: no-repeat;\"><\/div><div class=\"l-section-overlay\" style=\"background:rgba(255,255,255,0.62)\"><\/div><div class=\"l-section-h i-cf\"><div class=\"g-cols vc_row via_grid cols_1 laptops-cols_inherit tablets-cols_inherit mobiles-cols_1 valign_top type_default stacking_default\"><div class=\"wpb_column vc_column_container\"><div class=\"vc_column-inner\"><div class=\"wpb_text_column\"><div class=\"wpb_wrapper\"><h4 style=\"text-align: center;\">Akceptujemy wszystkie mi\u0119dzynarodowe ubezpieczenia podr\u00f3\u017cne.<\/h4>\n<p style=\"text-align: center;\">Wsp\u00f3\u0142pracujemy ze wszystkimi mi\u0119dzynarodowymi towarzystwami ubezpieczeniowymi, dzi\u0119ki czemu nie musz\u0105 Pa\u0144stwo martwi\u0107 si\u0119 o formalno\u015bci.<\/p>\n<h5 style=\"text-align: center;\">Znajd\u017a swoj\u0105 firm\u0119 ubezpieczeniow\u0105:<\/h5>\n<\/div><\/div><div class=\"w-separator size_medium\"><\/div><div class=\"g-cols wpb_row via_grid cols_2 laptops-cols_inherit tablets-cols_inherit mobiles-cols_1 valign_top type_default stacking_default\" style=\"--columns-gap:3rem;\"><div class=\"wpb_column vc_column_container\"><div class=\"vc_column-inner\"><div class=\"wpb_text_column\"><div class=\"wpb_wrapper\"><ul>\n<li>ACTIVE CARE MANAGEMENT<\/li>\n<li>ADAC VERSICHERUNG<\/li>\n<li>AETNA INTERNATIONAL<\/li>\n<li>AGEAS INSURANCE LTD<\/li>\n<li>AIG EUROPE LIMITED<\/li>\n<li>ALLIANZ GLOBAL ASSISTANCE<\/li>\n<li>ALWAYS ASSISTANCE SL<\/li>\n<li>ANWB REAL TOURING CLUB<\/li>\n<li>AOK RHEINLAND\/HAMBURG<\/li>\n<li>AP COMPANIES GLOBAL SOLUTIONS<\/li>\n<li>ARAG<\/li>\n<li>AVRIL ASSISTANCE<\/li>\n<li>MONDIAL ASSISTANCE<\/li>\n<li>AWP<\/li>\n<li>AGA ALARMCENTRALE NL .B.V.<\/li>\n<li>AXA ASSISTANCE<\/li>\n<li>BARMENIA KRANKEVERCHISERUNG AG<\/li>\n<li>BUPA INSURANCE SERVICES LIMITED<\/li>\n<li>CEGA GROUP SERVICES LTD<\/li>\n<li>CELTA ASSISTANCE<\/li>\n<li>CHUBB INSURANCE COMPANY OF EUROPE<\/li>\n<li>CIGNA INTERNATIONAL HEALTH SERVICES BVBA<\/li>\n<li>CORIS INTERNACIONAL<\/li>\n<li>DAK GESUNDHEIT<\/li>\n<li>DEBEKA KRANKENVERSICHERUNGSVEREIN AG<\/li>\n<li>DEUTSCHE ASSISTANCE SERVICE<\/li>\n<li>DKV INTERNATIONAL<\/li>\n<li>EGYCROSS ASSITANCE EUROPE<\/li>\n<li>ENSURIA OPERATIONS UKRAINE LLC<\/li>\n<li>EUROPAEISKE, REJSEFORSIKRING A\/S<\/li>\n<li>ERGO REISEVERSICHERUNG<\/li>\n<li>EURO-CENTER<\/li>\n<li>EUROP ASSISTANCE<\/li>\n<li>CONTINENTALE VERSICHERINGER<\/li>\n<li>FALCK GLOBAL ASSISTANCE<\/li>\n<li>GLOBAL ASSISTANCE A.S.<\/li>\n<li>GOUDA ALARM CENTER<\/li>\n<li>HEALIX INTERNATIONAL LIMITED<\/li>\n<li>IMA ASSURANCES<\/li>\n<li>INTER KRANKENVERSICHERUNG AG<\/li>\n<li>INTER MUTUELLES ASSISTANCE<\/li>\n<li>INTERNATIONAL MEDICAL GROUP<\/li>\n<li>INTERNATIONAL SOS ASSISTANCE<\/li>\n<li>MAPFRE INTERNATIONAL<\/li>\n<li>MEDASSIST INTERNATIONAL LTD<\/li>\n<li>MEDGATE ASSISTANCE<\/li>\n<li>MEDIC AIR INTERNACIONAL<\/li>\n<li>MSH INTERNATIONAL<\/li>\n<li>MUTAS VZW\/ASBL<\/li>\n<li>SOS INTERNATIONAL<\/li>\n<li>UNITED HEALTHCARE GLOBAL ASSISTANCE<\/li>\n<li>VHD ALARMACENTRALE<\/li>\n<li>WORLD TRAVEL ASSIST<\/li>\n<li>EURO CENTER<\/li>\n<li>MAYDAY<\/li>\n<li>COLLINSON<\/li>\n<li>ARGOS<\/li>\n<li>ASSIST CARD<\/li>\n<\/ul>\n<\/div><\/div><div class=\"w-separator size_medium\"><\/div><div class=\"w-vwrapper us_custom_a22d2b47 align_none valign_top\"><div class=\"w-text\"><span class=\"w-text-h\"><span class=\"w-text-value\">Czy Twoje ubezpieczenie nie znajduje si\u0119 na li\u015bcie? Prze\u015blij nam nazw\u0119, aby\u015bmy je dodali.<\/span><\/span><\/div><form class=\"w-form  us-field-style_1 layout_ver show_message_after_sending for_cform us_form_1\" action=\"https:\/\/wcarech.com\/pl\/wp-json\/wp\/v2\/pages\/1915\" method=\"post\"><div class=\"w-form-h\"><div class=\"w-form-row for_text required\">\r\n\t\t<div class=\"w-form-row-field\">\r\n\t\t\t\t\t\t<input aria-label=\"Wpisz nazw\u0119 swojego ubezpieczyciela tutaj.\" type=\"text\" name=\"us_form_1_text_1\" value placeholder=\"Wpisz nazw\u0119 swojego ubezpieczyciela tutaj. *\" data-required=\"true\" aria-required=\"true\"\/>\r\n\t\t\t<\/div>\r\n\t\t<div class=\"w-form-row-state\">Wype\u0142nij to pole<\/div>\r\n<\/div>\r\n<input type=\"hidden\" name=\"action\" value=\"us_ajax_cform\" \/>\r\n<input type=\"hidden\" name=\"post_id\" value=\"0\" \/>\r\n<input type=\"hidden\" name=\"form_index\" value=\"1\" \/>\r\n<div class=\"w-form-row for_submit align_none\"><button class=\"w-btn us-btn-style_1\" type=\"submit\" aria-label=\"Wy\u015blij\"><span class=\"g-preloader type_1\"><\/span><span class=\"w-btn-label\">Wy\u015blij<\/span><\/button><\/div><\/div><div class=\"w-form-message\"><\/div><div class=\"w-form-json hidden\" onclick='return {&quot;ajaxurl&quot;:&quot;https:\\\/\\\/wcarech.com\\\/wp-admin\\\/admin-ajax.php&quot;,&quot;messages&quot;:{&quot;err_empty&quot;:&quot;Wype\\u0142nij to pole&quot;,&quot;err_size&quot;:&quot;Rozmiar pliku nie mo\\u017ce przekracza\\u0107 %s MB&quot;,&quot;err_extension&quot;:&quot;Typ pliku %s jest niedozwolony&quot;,&quot;err_recaptcha_keys&quot;:&quot;Klucze reCAPTCHA s\\u0105 nieprawid\\u0142owe&quot;}}'><\/div><\/form><\/div><div class=\"w-separator size_medium\"><\/div><\/div><\/div><div class=\"wpb_column vc_column_container type_sticky\"><div class=\"vc_column-inner\"><div class=\"w-image us_custom_47474b22 us_animate_this align_center\"><div class=\"w-image-h\"><img decoding=\"async\" width=\"1435\" height=\"2560\" src=\"https:\/\/wcarech.com\/wp-content\/uploads\/2025\/09\/medical-assitance-tenerife-scaled.jpg\" class=\"attachment-full size-full\" alt=\"\" loading=\"lazy\" srcset=\"https:\/\/wcarech.com\/wp-content\/uploads\/2025\/09\/medical-assitance-tenerife-scaled.jpg 1435w, https:\/\/wcarech.com\/wp-content\/uploads\/2025\/09\/medical-assitance-tenerife-168x300.jpg 168w, https:\/\/wcarech.com\/wp-content\/uploads\/2025\/09\/medical-assitance-tenerife-574x1024.jpg 574w\" sizes=\"auto, (max-width: 1435px) 100vw, 1435px\" \/><\/div><\/div><\/div><\/div><\/div><\/div><\/div><\/div><\/div><\/section>\n","protected":false},"excerpt":{"rendered":"Akceptowane ubezpieczeniaAkceptujemy wszystkie mi\u0119dzynarodowe ubezpieczenia podr\u00f3\u017cne. Wsp\u00f3\u0142pracujemy ze wszystkimi mi\u0119dzynarodowymi towarzystwami ubezpieczeniowymi, dzi\u0119ki czemu nie musz\u0105 Pa\u0144stwo martwi\u0107 si\u0119 o formalno\u015bci. Znajd\u017a swoj\u0105 firm\u0119 ubezpieczeniow\u0105: ACTIVE CARE MANAGEMENT ADAC VERSICHERUNG AETNA INTERNATIONAL AGEAS INSURANCE LTD AIG EUROPE LIMITED ALLIANZ GLOBAL ASSISTANCE ALWAYS ASSISTANCE SL ANWB REAL TOURING CLUB AOK RHEINLAND\/HAMBURG AP COMPANIES GLOBAL SOLUTIONS ARAG...","protected":false},"author":1,"featured_media":0,"parent":0,"menu_order":0,"comment_status":"closed","ping_status":"closed","template":"","meta":{"_acf_changed":false,"_joinchat":[],"footnotes":""},"class_list":["post-1915","page","type-page","status-publish","hentry"],"acf":[],"yoast_head":"<!-- This site is optimized with the Yoast SEO Premium plugin v26.3 (Yoast SEO v27.3) - https:\/\/yoast.com\/product\/yoast-seo-premium-wordpress\/ -->\n<title>Akceptowane ubezpieczenia - Worldcare Connect Health<\/title>\n<meta name=\"robots\" content=\"index, follow, max-snippet:-1, max-image-preview:large, max-video-preview:-1\" \/>\n<link rel=\"canonical\" href=\"https:\/\/wcarech.com\/pl\/akceptowane-ubezpieczenia\/\" \/>\n<meta property=\"og:locale\" content=\"pl_PL\" \/>\n<meta property=\"og:type\" content=\"article\" \/>\n<meta property=\"og:title\" content=\"Akceptowane ubezpieczenia\" \/>\n<meta property=\"og:url\" content=\"https:\/\/wcarech.com\/pl\/akceptowane-ubezpieczenia\/\" \/>\n<meta property=\"og:site_name\" content=\"Worldcare Connect Health\" \/>\n<meta property=\"article:modified_time\" content=\"2025-11-04T08:21:01+00:00\" \/>\n<meta property=\"og:image\" content=\"https:\/\/wcarech.com\/wp-content\/uploads\/2026\/01\/wordlcare.png\" \/>\n\t<meta property=\"og:image:width\" content=\"1200\" \/>\n\t<meta property=\"og:image:height\" content=\"675\" \/>\n\t<meta property=\"og:image:type\" content=\"image\/png\" \/>\n<meta name=\"twitter:card\" content=\"summary_large_image\" \/>\n<meta name=\"twitter:label1\" content=\"Szacowany czas czytania\" \/>\n\t<meta name=\"twitter:data1\" content=\"3 minuty\" \/>\n<script type=\"application\/ld+json\" class=\"yoast-schema-graph\">{\"@context\":\"https:\\\/\\\/schema.org\",\"@graph\":[{\"@type\":\"WebPage\",\"@id\":\"https:\\\/\\\/wcarech.com\\\/pl\\\/akceptowane-ubezpieczenia\\\/\",\"url\":\"https:\\\/\\\/wcarech.com\\\/pl\\\/akceptowane-ubezpieczenia\\\/\",\"name\":\"Akceptowane ubezpieczenia - Worldcare Connect Health\",\"isPartOf\":{\"@id\":\"https:\\\/\\\/wcarech.com\\\/pl\\\/#website\"},\"datePublished\":\"2025-09-04T11:38:19+00:00\",\"dateModified\":\"2025-11-04T08:21:01+00:00\",\"breadcrumb\":{\"@id\":\"https:\\\/\\\/wcarech.com\\\/pl\\\/akceptowane-ubezpieczenia\\\/#breadcrumb\"},\"inLanguage\":\"pl-PL\",\"potentialAction\":[{\"@type\":\"ReadAction\",\"target\":[\"https:\\\/\\\/wcarech.com\\\/pl\\\/akceptowane-ubezpieczenia\\\/\"]}]},{\"@type\":\"BreadcrumbList\",\"@id\":\"https:\\\/\\\/wcarech.com\\\/pl\\\/akceptowane-ubezpieczenia\\\/#breadcrumb\",\"itemListElement\":[{\"@type\":\"ListItem\",\"position\":1,\"name\":\"Home\",\"item\":\"https:\\\/\\\/wcarech.com\\\/pl\\\/home\\\/\"},{\"@type\":\"ListItem\",\"position\":2,\"name\":\"Akceptowane ubezpieczenia\"}]},{\"@type\":\"WebSite\",\"@id\":\"https:\\\/\\\/wcarech.com\\\/pl\\\/#website\",\"url\":\"https:\\\/\\\/wcarech.com\\\/pl\\\/\",\"name\":\"Worldcare Connect Health\",\"description\":\"Trust the best medical professionals during your stay in Tenerife. Personalized, fast care that meets European standards.\",\"publisher\":{\"@id\":\"https:\\\/\\\/wcarech.com\\\/pl\\\/#organization\"},\"alternateName\":\"WCARECH.com\",\"potentialAction\":[{\"@type\":\"SearchAction\",\"target\":{\"@type\":\"EntryPoint\",\"urlTemplate\":\"https:\\\/\\\/wcarech.com\\\/pl\\\/?s={search_term_string}\"},\"query-input\":{\"@type\":\"PropertyValueSpecification\",\"valueRequired\":true,\"valueName\":\"search_term_string\"}}],\"inLanguage\":\"pl-PL\"},{\"@type\":[\"Organization\",\"Place\"],\"@id\":\"https:\\\/\\\/wcarech.com\\\/pl\\\/#organization\",\"name\":\"Worldcare Connect Health\",\"alternateName\":\"Worldcare Connect Health\",\"url\":\"https:\\\/\\\/wcarech.com\\\/pl\\\/\",\"logo\":{\"@id\":\"https:\\\/\\\/wcarech.com\\\/pl\\\/akceptowane-ubezpieczenia\\\/#local-main-organization-logo\"},\"image\":{\"@id\":\"https:\\\/\\\/wcarech.com\\\/pl\\\/akceptowane-ubezpieczenia\\\/#local-main-organization-logo\"},\"publishingPrinciples\":\"https:\\\/\\\/wcarech.com\\\/privacy\\\/\",\"telephone\":[],\"openingHoursSpecification\":[{\"@type\":\"OpeningHoursSpecification\",\"dayOfWeek\":[\"Monday\",\"Tuesday\",\"Wednesday\",\"Thursday\",\"Friday\",\"Saturday\",\"Sunday\"],\"opens\":\"09:00\",\"closes\":\"17:00\"}]},{\"@type\":\"ImageObject\",\"inLanguage\":\"pl-PL\",\"@id\":\"https:\\\/\\\/wcarech.com\\\/pl\\\/akceptowane-ubezpieczenia\\\/#local-main-organization-logo\",\"url\":\"https:\\\/\\\/wcarech.com\\\/wp-content\\\/uploads\\\/2025\\\/09\\\/favicon.png\",\"contentUrl\":\"https:\\\/\\\/wcarech.com\\\/wp-content\\\/uploads\\\/2025\\\/09\\\/favicon.png\",\"width\":921,\"height\":921,\"caption\":\"Worldcare Connect Health\"}]}<\/script>\n<!-- \/ Yoast SEO Premium plugin. -->","yoast_head_json":{"title":"Akceptowane ubezpieczenia - Worldcare Connect Health","robots":{"index":"index","follow":"follow","max-snippet":"max-snippet:-1","max-image-preview":"max-image-preview:large","max-video-preview":"max-video-preview:-1"},"canonical":"https:\/\/wcarech.com\/pl\/akceptowane-ubezpieczenia\/","og_locale":"pl_PL","og_type":"article","og_title":"Akceptowane ubezpieczenia","og_url":"https:\/\/wcarech.com\/pl\/akceptowane-ubezpieczenia\/","og_site_name":"Worldcare Connect Health","article_modified_time":"2025-11-04T08:21:01+00:00","og_image":[{"width":1200,"height":675,"url":"https:\/\/wcarech.com\/wp-content\/uploads\/2026\/01\/wordlcare.png","type":"image\/png"}],"twitter_card":"summary_large_image","twitter_misc":{"Szacowany czas czytania":"3 minuty"},"schema":{"@context":"https:\/\/schema.org","@graph":[{"@type":"WebPage","@id":"https:\/\/wcarech.com\/pl\/akceptowane-ubezpieczenia\/","url":"https:\/\/wcarech.com\/pl\/akceptowane-ubezpieczenia\/","name":"Akceptowane ubezpieczenia - Worldcare Connect Health","isPartOf":{"@id":"https:\/\/wcarech.com\/pl\/#website"},"datePublished":"2025-09-04T11:38:19+00:00","dateModified":"2025-11-04T08:21:01+00:00","breadcrumb":{"@id":"https:\/\/wcarech.com\/pl\/akceptowane-ubezpieczenia\/#breadcrumb"},"inLanguage":"pl-PL","potentialAction":[{"@type":"ReadAction","target":["https:\/\/wcarech.com\/pl\/akceptowane-ubezpieczenia\/"]}]},{"@type":"BreadcrumbList","@id":"https:\/\/wcarech.com\/pl\/akceptowane-ubezpieczenia\/#breadcrumb","itemListElement":[{"@type":"ListItem","position":1,"name":"Home","item":"https:\/\/wcarech.com\/pl\/home\/"},{"@type":"ListItem","position":2,"name":"Akceptowane ubezpieczenia"}]},{"@type":"WebSite","@id":"https:\/\/wcarech.com\/pl\/#website","url":"https:\/\/wcarech.com\/pl\/","name":"Worldcare Connect Health","description":"Trust the best medical professionals during your stay in Tenerife. Personalized, fast care that meets European standards.","publisher":{"@id":"https:\/\/wcarech.com\/pl\/#organization"},"alternateName":"WCARECH.com","potentialAction":[{"@type":"SearchAction","target":{"@type":"EntryPoint","urlTemplate":"https:\/\/wcarech.com\/pl\/?s={search_term_string}"},"query-input":{"@type":"PropertyValueSpecification","valueRequired":true,"valueName":"search_term_string"}}],"inLanguage":"pl-PL"},{"@type":["Organization","Place"],"@id":"https:\/\/wcarech.com\/pl\/#organization","name":"Worldcare Connect Health","alternateName":"Worldcare Connect Health","url":"https:\/\/wcarech.com\/pl\/","logo":{"@id":"https:\/\/wcarech.com\/pl\/akceptowane-ubezpieczenia\/#local-main-organization-logo"},"image":{"@id":"https:\/\/wcarech.com\/pl\/akceptowane-ubezpieczenia\/#local-main-organization-logo"},"publishingPrinciples":"https:\/\/wcarech.com\/privacy\/","telephone":[],"openingHoursSpecification":[{"@type":"OpeningHoursSpecification","dayOfWeek":["Monday","Tuesday","Wednesday","Thursday","Friday","Saturday","Sunday"],"opens":"09:00","closes":"17:00"}]},{"@type":"ImageObject","inLanguage":"pl-PL","@id":"https:\/\/wcarech.com\/pl\/akceptowane-ubezpieczenia\/#local-main-organization-logo","url":"https:\/\/wcarech.com\/wp-content\/uploads\/2025\/09\/favicon.png","contentUrl":"https:\/\/wcarech.com\/wp-content\/uploads\/2025\/09\/favicon.png","width":921,"height":921,"caption":"Worldcare Connect Health"}]}},"_links":{"self":[{"href":"https:\/\/wcarech.com\/pl\/wp-json\/wp\/v2\/pages\/1915","targetHints":{"allow":["GET"]}}],"collection":[{"href":"https:\/\/wcarech.com\/pl\/wp-json\/wp\/v2\/pages"}],"about":[{"href":"https:\/\/wcarech.com\/pl\/wp-json\/wp\/v2\/types\/page"}],"author":[{"embeddable":true,"href":"https:\/\/wcarech.com\/pl\/wp-json\/wp\/v2\/users\/1"}],"replies":[{"embeddable":true,"href":"https:\/\/wcarech.com\/pl\/wp-json\/wp\/v2\/comments?post=1915"}],"version-history":[{"count":0,"href":"https:\/\/wcarech.com\/pl\/wp-json\/wp\/v2\/pages\/1915\/revisions"}],"wp:attachment":[{"href":"https:\/\/wcarech.com\/pl\/wp-json\/wp\/v2\/media?parent=1915"}],"curies":[{"name":"wp","href":"https:\/\/api.w.org\/{rel}","templated":true}]}}