{"id":1202,"date":"2025-09-04T13:56:58","date_gmt":"2025-09-04T12:56:58","guid":{"rendered":"https:\/\/wcarech.com\/?page_id=1202"},"modified":"2025-10-19T21:32:52","modified_gmt":"2025-10-19T20:32:52","slug":"om-oss","status":"publish","type":"page","link":"https:\/\/wcarech.com\/sv\/om-oss\/","title":{"rendered":"Om oss"},"content":{"rendered":"<section class=\"l-section wpb_row us_custom_b8043cba height_medium\"><div class=\"l-section-h i-cf\"><div class=\"g-cols vc_row via_grid cols_1 laptops-cols_inherit tablets-cols_inherit mobiles-cols_1 valign_top type_default stacking_default\"><div class=\"wpb_column vc_column_container\"><div class=\"vc_column-inner\"><h1 class=\"w-post-elm post_title us_custom_e8d85284 has_text_color align_center entry-title color_link_inherit\">Om oss<\/h1><\/div><\/div><\/div><\/div><\/section><section class=\"l-section wpb_row height_large\"><div class=\"l-section-h i-cf\"><div class=\"g-cols vc_row via_grid cols_2 laptops-cols_inherit tablets-cols_inherit mobiles-cols_1 valign_top type_default stacking_default\"><div class=\"wpb_column vc_column_container\"><div class=\"vc_column-inner\"><div class=\"wpb_text_column\"><div class=\"wpb_wrapper\"><p>World Care Connect Health \u00e4r en medicinsk plattform f\u00f6r att hitta n\u00e4rmaste v\u00e5rdinr\u00e4ttning om du blir sjuk eller r\u00e5kar ut f\u00f6r en olycka utomlands. Vi garanterar alltid h\u00f6g medicinsk standard p\u00e5 alla v\u00e5ra anl\u00e4ggningar.<\/p>\n<p>V\u00e5rt m\u00e5l \u00e4r att hj\u00e4lpa dig direkt vid akutfall eller ordna ambulanstransport eller hotell-\/hembes\u00f6k under din semester. Vi samarbetar med alla internationella rese- och assistansbolag och erbjuder gratis \u00f6vers\u00e4ttningstj\u00e4nster.<\/p>\n<p>Lita p\u00e5 v\u00e5ra medicinska experter under din vistelse p\u00e5 Teneriffa. Personlig och snabb v\u00e5rd som f\u00f6ljer internationella standarder.<\/p>\n<\/div><\/div><div class=\"w-separator size_medium\"><\/div><div class=\"w-popup us_custom_211707e8 w-btn-wrapper align_center\"><button class=\"w-popup-trigger type_btn w-btn us-btn-style_3 icon_atleft\" style=\"font-size:1.2rem\" aria-label=\"Boka tid hos specialist\" type=\"button\"><i class=\"far fa-user-md\"><\/i><span class=\"w-btn-label\">Boka tid hos specialist<\/span><\/button><div class=\"w-popup-overlay\" style=\"background:rgba(0,0,0,0.85);\"><\/div><div class=\"w-popup-wrap layout_default\" role=\"dialog\" aria-modal=\"true\" aria-label=\"Popup\" style=\"--title-color:var(--color-content-heading);--title-bg-color:var(--color-content-bg-alt-grad, var(--color-content-bg-alt) );--content-color:var(--color-content-text);--content-bg-color:var(--color-content-bg);--popup-width:600px;--popup-padding:5%;\"><button aria-label=\"St\u00e4ng\" class=\"w-popup-closer\" type=\"button\"><\/button><div class=\"w-popup-box animation_fadeIn closerpos_outside without_title\"><div class=\"w-popup-box-h\"><div class=\"w-popup-box-content\"><section class=\"l-section wpb_row height_large\"><div class=\"l-section-h i-cf\"><div class=\"g-cols vc_row via_grid cols_1 laptops-cols_inherit tablets-cols_inherit mobiles-cols_1 valign_top type_default stacking_default\"><div class=\"wpb_column vc_column_container\"><div class=\"vc_column-inner\"><div class=\"wpb_text_column\"><div class=\"wpb_wrapper\"><h5 style=\"text-align: left;\">Om du l\u00e4mnar dina kontaktuppgifter till oss kommer vi att kontakta dig s\u00e5 snart som m\u00f6jligt.<\/h5>\n<\/div><\/div><div class=\"w-separator size_small\"><\/div><form class=\"w-form  us-field-style_1 layout_ver show_message_after_sending for_cform us_form_1\" action=\"https:\/\/wcarech.com\/sv\/wp-json\/wp\/v2\/pages\/1202\" method=\"post\"><div class=\"w-form-h\"><div class=\"w-form-row for_text required with_icon\">\r\n\t\t<div class=\"w-form-row-field\">\r\n\t\t\t\t<i class=\"far fa-user\"><\/i>\t\t<input aria-label=\"Fullst\u00e4ndigt namn\" type=\"text\" name=\"us_form_1_text_1\" value placeholder=\"Fullst\u00e4ndigt namn *\" data-required=\"true\" aria-required=\"true\"\/>\r\n\t\t\t<\/div>\r\n\t\t<div class=\"w-form-row-state\">Fill out this field<\/div>\r\n<\/div>\r\n<div class=\"w-form-row for_checkboxes has_label required\">\r\n\t\t\t<div class=\"w-form-row-label\">\r\n\t\t\t<span>Vilket spr\u00e5k f\u00f6redrar du? <span class=\"required\">*<\/span><\/span>\r\n\t\t<\/div>\r\n\t\t<div class=\"w-form-row-field\">\r\n\t\t\t\t\t<label>\r\n\t\t\t\t<input type=\"checkbox\" name=\"us_form_1_checkboxes_1[]\" data-required=\"true\" value=\"Tyska\"\/>\r\n\t\t\t\t<span>Tyska<\/span>\r\n\t\t\t<\/label>\r\n\t\t\t\t\t\t<label>\r\n\t\t\t\t<input type=\"checkbox\" name=\"us_form_1_checkboxes_1[]\" data-required=\"true\" value=\"Spanska\"\/>\r\n\t\t\t\t<span>Spanska<\/span>\r\n\t\t\t<\/label>\r\n\t\t\t\t\t\t<label>\r\n\t\t\t\t<input type=\"checkbox\" name=\"us_form_1_checkboxes_1[]\" data-required=\"true\" value=\"Engelska\"\/>\r\n\t\t\t\t<span>Engelska<\/span>\r\n\t\t\t<\/label>\r\n\t\t\t\t\t\t<label>\r\n\t\t\t\t<input type=\"checkbox\" name=\"us_form_1_checkboxes_1[]\" data-required=\"true\" value=\"Franska\"\/>\r\n\t\t\t\t<span>Franska<\/span>\r\n\t\t\t<\/label>\r\n\t\t\t\t\t\t<label>\r\n\t\t\t\t<input type=\"checkbox\" name=\"us_form_1_checkboxes_1[]\" data-required=\"true\" value=\"Flaml\u00e4ndska\"\/>\r\n\t\t\t\t<span>Flaml\u00e4ndska<\/span>\r\n\t\t\t<\/label>\r\n\t\t\t\t\t\t<label>\r\n\t\t\t\t<input type=\"checkbox\" name=\"us_form_1_checkboxes_1[]\" data-required=\"true\" value=\"Svenska\"\/>\r\n\t\t\t\t<span>Svenska<\/span>\r\n\t\t\t<\/label>\r\n\t\t\t\t\t\t<label>\r\n\t\t\t\t<input type=\"checkbox\" name=\"us_form_1_checkboxes_1[]\" data-required=\"true\" value=\"Ryska\"\/>\r\n\t\t\t\t<span>Ryska<\/span>\r\n\t\t\t<\/label>\r\n\t\t\t\t<\/div>\r\n\t\t<div class=\"w-form-row-state\">Select an option<\/div>\r\n<\/div>\r\n<div class=\"w-form-row for_select has_label\">\r\n\t\t\t<div class=\"w-form-row-label\">\r\n\t\t\t<span>V\u00e4lj ditt sjukhus\/din zon<\/span>\r\n\t\t<\/div>\r\n\t\t<div class=\"w-form-row-field\">\r\n\t\t\t\t\t\t<select aria-label=\"V\u00e4lj ditt sjukhus\/din zon\" name=\"us_form_1_select_1\">\r\n\t\t\t<option value=\"Hospital Quir\u00f3nsalud Costa Adeje (Costa Adeje)\">Hospital Quir\u00f3nsalud Costa Adeje (Costa Adeje)<\/option><option value=\"Hospital Quir\u00f3nsalud Vida (La Orotava)\">Hospital Quir\u00f3nsalud Vida (La Orotava)<\/option><option value=\"Medical Center Quir\u00f3nsalud Vida Puerto (Puerto de la Cruz)\">Medical Center Quir\u00f3nsalud Vida Puerto (Puerto de la Cruz)<\/option><option value=\"Hospital Quir\u00f3nsalud Tenerife (Santa Cruz de Tenerife)\">Hospital Quir\u00f3nsalud Tenerife (Santa Cruz de Tenerife)<\/option><option value=\"\"><\/option>\t\t<\/select>\r\n\t\t\t<\/div>\r\n\t\t<div class=\"w-form-row-state\">Select an option<\/div>\r\n<\/div>\r\n<div class=\"w-form-row for_select has_label required\">\r\n\t\t\t<div class=\"w-form-row-label\">\r\n\t\t\t<span>Specialist *<\/span>\r\n\t\t<\/div>\r\n\t\t<div class=\"w-form-row-field\">\r\n\t\t\t\t\t\t<select aria-label=\"Specialist\" data-required=\"true\" aria-required=\"true\" name=\"us_form_1_select_2\">\r\n\t\t\t<option value=\"Allergologi\">Allergologi<\/option><option value=\"Anatomisk patologi\">Anatomisk patologi<\/option><option value=\"Anestesiologi och intensivv\u00e5rd\">Anestesiologi och intensivv\u00e5rd<\/option><option value=\"K\u00e4rlkirurgi och angiologi\">K\u00e4rlkirurgi och angiologi<\/option><option value=\"Kardiologi\">Kardiologi<\/option><option value=\"Hj\u00e4rtkirurgi\">Hj\u00e4rtkirurgi<\/option><option value=\"H\u00e4lsokontroller\">H\u00e4lsokontroller<\/option><option value=\"Klinisk analys och biokemi\">Klinisk analys och biokemi<\/option><option value=\"Klinisk neurofysiologi\">Klinisk neurofysiologi<\/option><option value=\"Klinisk psykologi\">Klinisk psykologi<\/option><option value=\"Allm\u00e4nmedicin och familjemedicin\">Allm\u00e4nmedicin och familjemedicin<\/option><option value=\"Komplement\u00e4rmedicin\">Komplement\u00e4rmedicin<\/option><option value=\"Matsm\u00e4ltningssjukdomar\">Matsm\u00e4ltningssjukdomar<\/option><option value=\"Akutmedicin och intensivv\u00e5rd\">Akutmedicin och intensivv\u00e5rd<\/option><option value=\"Endokrinologi och nutrition\">Endokrinologi och nutrition<\/option><option value=\"Allm\u00e4n- och bukkirurgi\">Allm\u00e4n- och bukkirurgi<\/option><option value=\"Geriatrik och palliativ v\u00e5rd\">Geriatrik och palliativ v\u00e5rd<\/option><option value=\"Gynekologi och obstetrik\">Gynekologi och obstetrik<\/option><option value=\"Hematologi och blodtransfusion\">Hematologi och blodtransfusion<\/option><option value=\"Immunologi\">Immunologi<\/option><option value=\"Infektionssjukdomar\">Infektionssjukdomar<\/option><option value=\"Internmedicin\">Internmedicin<\/option><option value=\"Logopedi (talterapi)\">Logopedi (talterapi)<\/option><option value=\"Medicinsk estetik\">Medicinsk estetik<\/option><option value=\"Onkologi\">Onkologi<\/option><option value=\"Mikrobiologi och parasitologi\">Mikrobiologi och parasitologi<\/option><option value=\"Nukle\u00e4rmedicin\">Nukle\u00e4rmedicin<\/option><option value=\"Arbetsmedicin\">Arbetsmedicin<\/option><option value=\"Oftalmologi (\u00f6gon)\">Oftalmologi (\u00f6gon)<\/option><option value=\"K\u00e4kkirurgi\">K\u00e4kkirurgi<\/option><option value=\"Ortopedi och traumakirurgi (inkl. barnkirurgi vid behov)\">Ortopedi och traumakirurgi (inkl. barnkirurgi vid behov)<\/option><option value=\"\u00d6ron-, n\u00e4s- och halssjukdomar (\u00d6NH)\">\u00d6ron-, n\u00e4s- och halssjukdomar (\u00d6NH)<\/option><option value=\"Barnneurologi\">Barnneurologi<\/option><option value=\"Pediatrik och dess subspecialiteter\">Pediatrik och dess subspecialiteter<\/option><option value=\"Barnkirurgi\">Barnkirurgi<\/option><option value=\"Rehabiliteringsmedicin\">Rehabiliteringsmedicin<\/option><option value=\"Plastikkirurgi och rekonstruktiv kirurgi\">Plastikkirurgi och rekonstruktiv kirurgi<\/option><option value=\"Podologi (fotv\u00e5rd)\">Podologi (fotv\u00e5rd)<\/option><option value=\"F\u00f6rebyggande medicin och folkh\u00e4lsa\">F\u00f6rebyggande medicin och folkh\u00e4lsa<\/option><option value=\"Psykiatri\">Psykiatri<\/option><option value=\"Onkologisk str\u00e5lbehandling\">Onkologisk str\u00e5lbehandling<\/option><option value=\"Lungsjukdomar (pneumologi)\">Lungsjukdomar (pneumologi)<\/option><option value=\"Talterapi (alternativ till logopedi om f\u00f6redras)\">Talterapi (alternativ till logopedi om f\u00f6redras)<\/option><option value=\"Idrottsmedicin\">Idrottsmedicin<\/option><option value=\"Thoraxkirurgi\">Thoraxkirurgi<\/option><option value=\"Dermatologi och venerologi\">Dermatologi och venerologi<\/option>\t\t<\/select>\r\n\t\t\t<\/div>\r\n\t\t<div class=\"w-form-row-state\">Select an option<\/div>\r\n<\/div>\r\n<div class=\"w-form-row for_email required with_icon\">\r\n\t\t<div class=\"w-form-row-field\">\r\n\t\t\t\t<i class=\"far fa-envelope\"><\/i>\t\t<input aria-label=\"E-post\" type=\"email\" name=\"us_form_1_email_1\" value placeholder=\"E-post *\" data-required=\"true\" aria-required=\"true\"\/>\r\n\t\t\t<\/div>\r\n\t\t<div class=\"w-form-row-state\">Ange en giltig e-postadress.<\/div>\r\n<\/div>\r\n<div class=\"w-form-row for_select required cols_2\">\r\n\t\t<div class=\"w-form-row-field\">\r\n\t\t\t\t\t\t<select aria-label=\"us_form_1_select_3\" data-required=\"true\" aria-required=\"true\" name=\"us_form_1_select_3\">\r\n\t\t\t<option value=\"-- V\u00e4lj ditt prefix -- \">-- V\u00e4lj ditt prefix -- <\/option><option value=\"Spanien (+34)\">Spanien (+34)<\/option><option value=\"Portugal (+351)\">Portugal (+351)<\/option><option value=\"Frankrike (+33)\">Frankrike (+33)<\/option><option value=\"Italien (+39)\">Italien (+39)<\/option><option value=\"Tyskland (+49)\">Tyskland (+49)<\/option><option value=\"Storbritannien (+44)\">Storbritannien (+44)<\/option><option value=\"Irland (+353)\">Irland (+353)<\/option><option value=\"Belgien (+32)\">Belgien (+32)<\/option><option value=\"Nederl\u00e4nderna (+31)\">Nederl\u00e4nderna (+31)<\/option><option value=\"Schweiz (+41)\">Schweiz (+41)<\/option><option value=\"\u00d6sterrike (+43)\">\u00d6sterrike (+43)<\/option><option value=\"Sverige (+46)\">Sverige (+46)<\/option><option value=\"Norge (+47)\">Norge (+47)<\/option><option value=\"Danmark (+45)\">Danmark (+45)<\/option><option value=\"Finland (+358)\">Finland (+358)<\/option><option value=\"Polen (+48)\">Polen (+48)<\/option><option value=\"Tjeckien (+420)\">Tjeckien (+420)<\/option><option value=\"Ungern (+36)\">Ungern (+36)<\/option><option value=\"Grekland (+30)\">Grekland (+30)<\/option><option value=\"Turkiet (+90)\">Turkiet (+90)<\/option><option value=\"USA\/Kanada (+1)\">USA\/Kanada (+1)<\/option><option value=\"Mexiko (+52)\">Mexiko (+52)<\/option><option value=\"Argentina (+54)\">Argentina (+54)<\/option><option value=\"Brasilien (+55)\">Brasilien (+55)<\/option><option value=\"Chile (+56)\">Chile (+56)<\/option><option value=\"Colombia (+57)\">Colombia (+57)<\/option><option value=\"Venezuela (+58)\">Venezuela (+58)<\/option><option value=\"Peru (+51)\">Peru (+51)<\/option><option value=\"Uruguay (+598)\">Uruguay (+598)<\/option><option value=\"Bolivia (+591)\">Bolivia (+591)<\/option><option value=\"Ecuador (+593)\">Ecuador (+593)<\/option><option value=\"Costa Rica (+506)\">Costa Rica (+506)<\/option><option value=\"Panama (+507)\">Panama (+507)<\/option><option value=\"Kuba (+53)\">Kuba (+53)<\/option><option value=\"Dominikanska republiken (+1-809 \/ +1-829 \/ +1-849)\">Dominikanska republiken (+1-809 \/ +1-829 \/ +1-849)<\/option><option value=\"Marocko (+212)\">Marocko (+212)<\/option><option value=\"Algeriet (+213)\">Algeriet (+213)<\/option><option value=\"Tunisien (+216)\">Tunisien (+216)<\/option><option value=\"Egypten (+20)\">Egypten (+20)<\/option><option value=\"Sydafrika (+27)\">Sydafrika (+27)<\/option><option value=\"Nigeria (+234)\">Nigeria (+234)<\/option><option value=\"Kenya (+254)\">Kenya (+254)<\/option><option value=\"Senegal (+221)\">Senegal (+221)<\/option><option value=\"Ghana (+233)\">Ghana (+233)<\/option><option value=\"Kina (+86)\">Kina (+86)<\/option><option value=\"Japan (+81)\">Japan (+81)<\/option><option value=\"Indien (+91)\">Indien (+91)<\/option><option value=\"Ryssland (+7)\">Ryssland (+7)<\/option><option value=\"Saudiarabien (+966)\">Saudiarabien (+966)<\/option><option value=\"F\u00f6renade Arabemiraten (+971)\">F\u00f6renade Arabemiraten (+971)<\/option><option value=\"Israel (+972)\">Israel (+972)<\/option><option value=\"Iran (+98)\">Iran (+98)<\/option><option value=\"Sydkorea (+82)\">Sydkorea (+82)<\/option><option value=\"Thailand (+66)\">Thailand (+66)<\/option><option value=\"Filippinerna (+63)\">Filippinerna (+63)<\/option><option value=\"Indonesien (+62)\">Indonesien (+62)<\/option><option value=\"Australien (+61)\">Australien (+61)<\/option><option value=\"Nya Zeeland (+64)\">Nya Zeeland (+64)<\/option><option value=\"Fiji (+679)\">Fiji (+679)<\/option><option value=\"Papua Nya Guinea (+675)\">Papua Nya Guinea (+675)<\/option>\t\t<\/select>\r\n\t\t\t<\/div>\r\n\t\t<div class=\"w-form-row-state\">Select an option<\/div>\r\n<\/div>\r\n<div class=\"w-form-row for_text required with_icon cols_2\">\r\n\t\t<div class=\"w-form-row-field\">\r\n\t\t\t\t<i class=\"fas fa-phone\"><\/i>\t\t<input aria-label=\"Telefonnummer\" type=\"text\" name=\"us_form_1_text_2\" value placeholder=\"Telefonnummer *\" data-required=\"true\" aria-required=\"true\"\/>\r\n\t\t\t<\/div>\r\n\t\t<div class=\"w-form-row-state\">Fill out this field<\/div>\r\n<\/div>\r\n<div class=\"w-form-row for_text cols_2\">\r\n\t\t<div class=\"w-form-row-field\">\r\n\t\t\t\t\t\t<input aria-label=\"Hotellets namn\" type=\"text\" name=\"us_form_1_text_3\" value placeholder=\"Hotellets namn\"\/>\r\n\t\t\t<\/div>\r\n\t\t<div class=\"w-form-row-state\">Fill out this field<\/div>\r\n<\/div>\r\n<div class=\"w-form-row for_text cols_2\">\r\n\t\t<div class=\"w-form-row-field\">\r\n\t\t\t\t\t\t<input aria-label=\"Rum nummer\" type=\"text\" name=\"us_form_1_text_4\" value placeholder=\"Rum nummer\"\/>\r\n\t\t\t<\/div>\r\n\t\t<div class=\"w-form-row-state\">Fill out this field<\/div>\r\n<\/div>\r\n<div class=\"w-form-row for_textarea required\">\r\n\t\t<div class=\"w-form-row-field\">\r\n\t\t\t\t\t\t<textarea aria-label=\"Text\" name=\"us_form_1_textarea_1\" placeholder=\"Text *\" data-required=\"true\" aria-required=\"true\"><\/textarea>\r\n\t\t\t<\/div>\r\n\t\t<div class=\"w-form-row-state\">Fill out this field<\/div>\r\n<\/div>\r\n<div class=\"w-form-row for_agreement required\">\r\n\t\t<div class=\"w-form-row-field\">\r\n\t\t\t\t<label>\r\n\t\t\t<input type=\"checkbox\" value=\"1\" data-required=\"true\" aria-required=\"true\" name=\"us_form_1_agreement_1\"\/>\r\n\t\t\t<span>Jag accepterar <a href=\"\/privacy\" target=\"_blank\">sekretesspolicyn<\/a>.<\/span>\r\n\t\t<\/label>\r\n\t\t\t<\/div>\r\n\t\t<div class=\"w-form-row-state\">You need to agree with the terms to proceed<\/div>\r\n<\/div>\r\n<input type=\"hidden\" name=\"action\" value=\"us_ajax_cform\" \/>\r\n<input type=\"hidden\" name=\"post_id\" value=\"2215\" \/>\r\n<input type=\"hidden\" name=\"form_index\" value=\"1\" \/>\r\n<div class=\"w-form-row for_submit align_none\"><button class=\"w-btn us-btn-style_1\" type=\"submit\" aria-label=\"Skicka\"><span class=\"g-preloader type_1\"><\/span><span class=\"w-btn-label\">Skicka<\/span><\/button><\/div><\/div><div class=\"w-form-message\"><\/div><div class=\"w-form-json hidden\" onclick='return {&quot;ajaxurl&quot;:&quot;https:\\\/\\\/wcarech.com\\\/wp-admin\\\/admin-ajax.php&quot;,&quot;messages&quot;:{&quot;err_empty&quot;:&quot;Fill out this field&quot;,&quot;err_size&quot;:&quot;File size cannot exceed %s MB&quot;,&quot;err_extension&quot;:&quot;%s file type is not allowed&quot;,&quot;err_recaptcha_keys&quot;:&quot;reCAPTCHA keys are incorrect&quot;}}'><\/div><\/form><\/div><\/div><\/div><\/div><\/section>\n<\/div><\/div><\/div><\/div><\/div><div class=\"w-separator size_medium\"><\/div><\/div><\/div><div class=\"wpb_column vc_column_container\"><div class=\"vc_column-inner\"><div class=\"w-image us_custom_47474b22 us_animate_this align_none\"><div class=\"w-image-h\"><img decoding=\"async\" width=\"1000\" height=\"758\" src=\"https:\/\/wcarech.com\/wp-content\/uploads\/2025\/09\/healthcare.jpg\" class=\"attachment-full size-full\" alt=\"\" loading=\"lazy\" srcset=\"https:\/\/wcarech.com\/wp-content\/uploads\/2025\/09\/healthcare.jpg 1000w, https:\/\/wcarech.com\/wp-content\/uploads\/2025\/09\/healthcare-300x227.jpg 300w\" sizes=\"auto, (max-width: 1000px) 100vw, 1000px\" \/><\/div><\/div><\/div><\/div><\/div><\/div><\/section>\n","protected":false},"excerpt":{"rendered":"Om ossWorld Care Connect Health \u00e4r en medicinsk plattform f\u00f6r att hitta n\u00e4rmaste v\u00e5rdinr\u00e4ttning om du blir sjuk eller r\u00e5kar ut f\u00f6r en olycka utomlands. Vi garanterar alltid h\u00f6g medicinsk standard p\u00e5 alla v\u00e5ra anl\u00e4ggningar. V\u00e5rt m\u00e5l \u00e4r att hj\u00e4lpa dig direkt vid akutfall eller ordna ambulanstransport eller hotell-\/hembes\u00f6k under din semester. Vi samarbetar med...","protected":false},"author":1,"featured_media":0,"parent":0,"menu_order":0,"comment_status":"closed","ping_status":"closed","template":"","meta":{"_acf_changed":false,"_joinchat":[],"footnotes":""},"class_list":["post-1202","page","type-page","status-publish","hentry"],"acf":[],"yoast_head":"<!-- This site is optimized with the Yoast SEO Premium plugin v26.3 (Yoast SEO v27.3) - https:\/\/yoast.com\/product\/yoast-seo-premium-wordpress\/ -->\n<title>Om oss - Worldcare Connect Health<\/title>\n<meta name=\"robots\" content=\"index, follow, max-snippet:-1, max-image-preview:large, max-video-preview:-1\" \/>\n<link rel=\"canonical\" href=\"https:\/\/wcarech.com\/sv\/om-oss\/\" \/>\n<meta property=\"og:locale\" content=\"sv_SE\" \/>\n<meta property=\"og:type\" content=\"article\" \/>\n<meta property=\"og:title\" content=\"Om oss\" \/>\n<meta property=\"og:url\" content=\"https:\/\/wcarech.com\/sv\/om-oss\/\" \/>\n<meta property=\"og:site_name\" content=\"Worldcare Connect Health\" \/>\n<meta property=\"article:modified_time\" content=\"2025-10-19T20:32:52+00:00\" \/>\n<meta property=\"og:image\" content=\"https:\/\/wcarech.com\/wp-content\/uploads\/2026\/01\/wordlcare.png\" \/>\n\t<meta property=\"og:image:width\" content=\"1200\" \/>\n\t<meta property=\"og:image:height\" content=\"675\" \/>\n\t<meta property=\"og:image:type\" content=\"image\/png\" \/>\n<meta name=\"twitter:card\" content=\"summary_large_image\" \/>\n<meta name=\"twitter:label1\" content=\"Ber\u00e4knad l\u00e4stid\" \/>\n\t<meta name=\"twitter:data1\" content=\"1 minut\" \/>\n<script type=\"application\/ld+json\" class=\"yoast-schema-graph\">{\"@context\":\"https:\\\/\\\/schema.org\",\"@graph\":[{\"@type\":\"WebPage\",\"@id\":\"https:\\\/\\\/wcarech.com\\\/sv\\\/om-oss\\\/\",\"url\":\"https:\\\/\\\/wcarech.com\\\/sv\\\/om-oss\\\/\",\"name\":\"Om oss - Worldcare Connect Health\",\"isPartOf\":{\"@id\":\"https:\\\/\\\/wcarech.com\\\/sv\\\/#website\"},\"datePublished\":\"2025-09-04T12:56:58+00:00\",\"dateModified\":\"2025-10-19T20:32:52+00:00\",\"breadcrumb\":{\"@id\":\"https:\\\/\\\/wcarech.com\\\/sv\\\/om-oss\\\/#breadcrumb\"},\"inLanguage\":\"sv-SE\",\"potentialAction\":[{\"@type\":\"ReadAction\",\"target\":[\"https:\\\/\\\/wcarech.com\\\/sv\\\/om-oss\\\/\"]}]},{\"@type\":\"BreadcrumbList\",\"@id\":\"https:\\\/\\\/wcarech.com\\\/sv\\\/om-oss\\\/#breadcrumb\",\"itemListElement\":[{\"@type\":\"ListItem\",\"position\":1,\"name\":\"Home\",\"item\":\"https:\\\/\\\/wcarech.com\\\/sv\\\/home\\\/\"},{\"@type\":\"ListItem\",\"position\":2,\"name\":\"Om oss\"}]},{\"@type\":\"WebSite\",\"@id\":\"https:\\\/\\\/wcarech.com\\\/sv\\\/#website\",\"url\":\"https:\\\/\\\/wcarech.com\\\/sv\\\/\",\"name\":\"Worldcare Connect Health\",\"description\":\"Trust the best medical professionals during your stay in Tenerife. Personalized, fast care that meets European standards.\",\"publisher\":{\"@id\":\"https:\\\/\\\/wcarech.com\\\/sv\\\/#organization\"},\"alternateName\":\"WCARECH.com\",\"potentialAction\":[{\"@type\":\"SearchAction\",\"target\":{\"@type\":\"EntryPoint\",\"urlTemplate\":\"https:\\\/\\\/wcarech.com\\\/sv\\\/?s={search_term_string}\"},\"query-input\":{\"@type\":\"PropertyValueSpecification\",\"valueRequired\":true,\"valueName\":\"search_term_string\"}}],\"inLanguage\":\"sv-SE\"},{\"@type\":[\"Organization\",\"Place\"],\"@id\":\"https:\\\/\\\/wcarech.com\\\/sv\\\/#organization\",\"name\":\"Worldcare Connect Health\",\"alternateName\":\"Worldcare Connect Health\",\"url\":\"https:\\\/\\\/wcarech.com\\\/sv\\\/\",\"logo\":{\"@id\":\"https:\\\/\\\/wcarech.com\\\/sv\\\/om-oss\\\/#local-main-organization-logo\"},\"image\":{\"@id\":\"https:\\\/\\\/wcarech.com\\\/sv\\\/om-oss\\\/#local-main-organization-logo\"},\"publishingPrinciples\":\"https:\\\/\\\/wcarech.com\\\/privacy\\\/\",\"telephone\":[],\"openingHoursSpecification\":[{\"@type\":\"OpeningHoursSpecification\",\"dayOfWeek\":[\"Monday\",\"Tuesday\",\"Wednesday\",\"Thursday\",\"Friday\",\"Saturday\",\"Sunday\"],\"opens\":\"09:00\",\"closes\":\"17:00\"}]},{\"@type\":\"ImageObject\",\"inLanguage\":\"sv-SE\",\"@id\":\"https:\\\/\\\/wcarech.com\\\/sv\\\/om-oss\\\/#local-main-organization-logo\",\"url\":\"https:\\\/\\\/wcarech.com\\\/wp-content\\\/uploads\\\/2025\\\/09\\\/favicon.png\",\"contentUrl\":\"https:\\\/\\\/wcarech.com\\\/wp-content\\\/uploads\\\/2025\\\/09\\\/favicon.png\",\"width\":921,\"height\":921,\"caption\":\"Worldcare Connect Health\"}]}<\/script>\n<!-- \/ Yoast SEO Premium plugin. -->","yoast_head_json":{"title":"Om oss - Worldcare Connect Health","robots":{"index":"index","follow":"follow","max-snippet":"max-snippet:-1","max-image-preview":"max-image-preview:large","max-video-preview":"max-video-preview:-1"},"canonical":"https:\/\/wcarech.com\/sv\/om-oss\/","og_locale":"sv_SE","og_type":"article","og_title":"Om oss","og_url":"https:\/\/wcarech.com\/sv\/om-oss\/","og_site_name":"Worldcare Connect Health","article_modified_time":"2025-10-19T20:32:52+00:00","og_image":[{"width":1200,"height":675,"url":"https:\/\/wcarech.com\/wp-content\/uploads\/2026\/01\/wordlcare.png","type":"image\/png"}],"twitter_card":"summary_large_image","twitter_misc":{"Ber\u00e4knad l\u00e4stid":"1 minut"},"schema":{"@context":"https:\/\/schema.org","@graph":[{"@type":"WebPage","@id":"https:\/\/wcarech.com\/sv\/om-oss\/","url":"https:\/\/wcarech.com\/sv\/om-oss\/","name":"Om oss - Worldcare Connect Health","isPartOf":{"@id":"https:\/\/wcarech.com\/sv\/#website"},"datePublished":"2025-09-04T12:56:58+00:00","dateModified":"2025-10-19T20:32:52+00:00","breadcrumb":{"@id":"https:\/\/wcarech.com\/sv\/om-oss\/#breadcrumb"},"inLanguage":"sv-SE","potentialAction":[{"@type":"ReadAction","target":["https:\/\/wcarech.com\/sv\/om-oss\/"]}]},{"@type":"BreadcrumbList","@id":"https:\/\/wcarech.com\/sv\/om-oss\/#breadcrumb","itemListElement":[{"@type":"ListItem","position":1,"name":"Home","item":"https:\/\/wcarech.com\/sv\/home\/"},{"@type":"ListItem","position":2,"name":"Om oss"}]},{"@type":"WebSite","@id":"https:\/\/wcarech.com\/sv\/#website","url":"https:\/\/wcarech.com\/sv\/","name":"Worldcare Connect Health","description":"Trust the best medical professionals during your stay in Tenerife. Personalized, fast care that meets European standards.","publisher":{"@id":"https:\/\/wcarech.com\/sv\/#organization"},"alternateName":"WCARECH.com","potentialAction":[{"@type":"SearchAction","target":{"@type":"EntryPoint","urlTemplate":"https:\/\/wcarech.com\/sv\/?s={search_term_string}"},"query-input":{"@type":"PropertyValueSpecification","valueRequired":true,"valueName":"search_term_string"}}],"inLanguage":"sv-SE"},{"@type":["Organization","Place"],"@id":"https:\/\/wcarech.com\/sv\/#organization","name":"Worldcare Connect Health","alternateName":"Worldcare Connect Health","url":"https:\/\/wcarech.com\/sv\/","logo":{"@id":"https:\/\/wcarech.com\/sv\/om-oss\/#local-main-organization-logo"},"image":{"@id":"https:\/\/wcarech.com\/sv\/om-oss\/#local-main-organization-logo"},"publishingPrinciples":"https:\/\/wcarech.com\/privacy\/","telephone":[],"openingHoursSpecification":[{"@type":"OpeningHoursSpecification","dayOfWeek":["Monday","Tuesday","Wednesday","Thursday","Friday","Saturday","Sunday"],"opens":"09:00","closes":"17:00"}]},{"@type":"ImageObject","inLanguage":"sv-SE","@id":"https:\/\/wcarech.com\/sv\/om-oss\/#local-main-organization-logo","url":"https:\/\/wcarech.com\/wp-content\/uploads\/2025\/09\/favicon.png","contentUrl":"https:\/\/wcarech.com\/wp-content\/uploads\/2025\/09\/favicon.png","width":921,"height":921,"caption":"Worldcare Connect Health"}]}},"_links":{"self":[{"href":"https:\/\/wcarech.com\/sv\/wp-json\/wp\/v2\/pages\/1202","targetHints":{"allow":["GET"]}}],"collection":[{"href":"https:\/\/wcarech.com\/sv\/wp-json\/wp\/v2\/pages"}],"about":[{"href":"https:\/\/wcarech.com\/sv\/wp-json\/wp\/v2\/types\/page"}],"author":[{"embeddable":true,"href":"https:\/\/wcarech.com\/sv\/wp-json\/wp\/v2\/users\/1"}],"replies":[{"embeddable":true,"href":"https:\/\/wcarech.com\/sv\/wp-json\/wp\/v2\/comments?post=1202"}],"version-history":[{"count":0,"href":"https:\/\/wcarech.com\/sv\/wp-json\/wp\/v2\/pages\/1202\/revisions"}],"wp:attachment":[{"href":"https:\/\/wcarech.com\/sv\/wp-json\/wp\/v2\/media?parent=1202"}],"curies":[{"name":"wp","href":"https:\/\/api.w.org\/{rel}","templated":true}]}}