{"id":1205,"date":"2025-09-04T13:57:11","date_gmt":"2025-09-04T12:57:11","guid":{"rendered":"https:\/\/wcarech.com\/?page_id=1205"},"modified":"2025-11-10T08:50:17","modified_gmt":"2025-11-10T07:50:17","slug":"kontakt","status":"publish","type":"page","link":"https:\/\/wcarech.com\/sv\/kontakt\/","title":{"rendered":"Kontakt"},"content":{"rendered":"<section class=\"l-section wpb_row us_custom_b8043cba height_medium\"><div class=\"l-section-h i-cf\"><div class=\"g-cols vc_row via_grid cols_1 laptops-cols_inherit tablets-cols_inherit mobiles-cols_1 valign_top type_default stacking_default\"><div class=\"wpb_column vc_column_container\"><div class=\"vc_column-inner\"><h1 class=\"w-post-elm post_title us_custom_e8d85284 has_text_color align_center entry-title color_link_inherit\">Kontakt<\/h1><\/div><\/div><\/div><\/div><\/section><section class=\"l-section wpb_row height_medium\"><div class=\"l-section-h i-cf\"><div class=\"g-cols vc_row via_grid cols_1 laptops-cols_inherit tablets-cols_inherit mobiles-cols_1 valign_top type_default stacking_default\"><div class=\"wpb_column vc_column_container\"><div class=\"vc_column-inner\"><div class=\"wpb_text_column\"><div class=\"wpb_wrapper\"><p style=\"text-align: center;\"><strong>Vad beh\u00f6ver du?<\/strong> En n\u00f6dsituation, en ambulans, en l\u00e4kare p\u00e5 ditt hotell, en l\u00e4kartid?<\/p>\n<h6 style=\"text-align: center;\">Vi \u00e4r tillg\u00e4ngliga dygnet runt.<\/h6>\n<h6 style=\"text-align: center;\">Kontakta oss.<\/h6>\n<\/div><\/div><\/div><\/div><\/div><\/div><\/section><section class=\"l-section wpb_row height_small\"><div class=\"l-section-h i-cf\"><div class=\"g-cols vc_row via_grid cols_2-1 laptops-cols_inherit tablets-cols_inherit mobiles-cols_1 valign_top type_default stacking_default\"><div class=\"wpb_column vc_column_container us_custom_77b3c5f2 has_bg_color\"><div class=\"vc_column-inner\"><form class=\"w-form  us-field-style_1 layout_ver show_message_after_sending for_cform us_form_1\" action=\"https:\/\/wcarech.com\/sv\/wp-json\/wp\/v2\/pages\/1205\" method=\"post\"><div class=\"w-form-h\"><div class=\"w-form-row for_text\">\r\n\t\t<div class=\"w-form-row-field\">\r\n\t\t\t\t\t\t<input aria-label=\"Namn\" type=\"text\" name=\"us_form_1_text_1\" value placeholder=\"Namn\"\/>\r\n\t\t\t<\/div>\r\n\t\t<div class=\"w-form-row-state\">Fill out this field<\/div>\r\n<\/div>\r\n<div class=\"w-form-row for_email required cols_2\">\r\n\t\t<div class=\"w-form-row-field\">\r\n\t\t\t\t\t\t<input aria-label=\"E-post\" type=\"email\" name=\"us_form_1_email_1\" value placeholder=\"E-post *\" data-required=\"true\" aria-required=\"true\"\/>\r\n\t\t\t<\/div>\r\n\t\t<div class=\"w-form-row-state\">Ange en giltig e-postadress.<\/div>\r\n<\/div>\r\n<div class=\"w-form-row for_text cols_2\">\r\n\t\t<div class=\"w-form-row-field\">\r\n\t\t\t\t\t\t<input aria-label=\"Telefon\" type=\"text\" name=\"us_form_1_text_2\" value placeholder=\"Telefon\"\/>\r\n\t\t\t<\/div>\r\n\t\t<div class=\"w-form-row-state\">Fill out this field<\/div>\r\n<\/div>\r\n<div class=\"w-form-row for_textarea\">\r\n\t\t<div class=\"w-form-row-field\">\r\n\t\t\t\t\t\t<textarea aria-label=\"Meddelande\" name=\"us_form_1_textarea_1\" placeholder=\"Meddelande\"><\/textarea>\r\n\t\t\t<\/div>\r\n\t\t<div class=\"w-form-row-state\">Fill out this field<\/div>\r\n<\/div>\r\n<div class=\"w-form-row for_agreement required\">\r\n\t\t<div class=\"w-form-row-field\">\r\n\t\t\t\t<label>\r\n\t\t\t<input type=\"checkbox\" value=\"1\" data-required=\"true\" aria-required=\"true\" name=\"us_form_1_agreement_1\"\/>\r\n\t\t\t<span>Jag har l\u00e4st och accepterat <a href=\"https:\/\/wcarech.com\/sv\/integritetspolicyn\/\" target=\"_blank\">integritetspolicyn<\/a>.<\/span>\r\n\t\t<\/label>\r\n\t\t\t<\/div>\r\n\t\t<div class=\"w-form-row-state\">You need to agree with the terms to proceed<\/div>\r\n<\/div>\r\n<input type=\"hidden\" name=\"action\" value=\"us_ajax_cform\" \/>\r\n<input type=\"hidden\" name=\"post_id\" value=\"0\" \/>\r\n<input type=\"hidden\" name=\"form_index\" value=\"1\" \/>\r\n<div class=\"w-form-row for_submit align_none\"><button class=\"w-btn us-btn-style_1\" type=\"submit\" aria-label=\"Skicka\"><span class=\"g-preloader type_1\"><\/span><span class=\"w-btn-label\">Skicka<\/span><\/button><\/div><\/div><div class=\"w-form-message\"><\/div><div class=\"w-form-json hidden\" onclick='return {&quot;ajaxurl&quot;:&quot;https:\\\/\\\/wcarech.com\\\/wp-admin\\\/admin-ajax.php&quot;,&quot;messages&quot;:{&quot;err_empty&quot;:&quot;Fill out this field&quot;,&quot;err_size&quot;:&quot;File size cannot exceed %s MB&quot;,&quot;err_extension&quot;:&quot;%s file type is not allowed&quot;,&quot;err_recaptcha_keys&quot;:&quot;reCAPTCHA keys are incorrect&quot;}}'><\/div><\/form><\/div><\/div><div class=\"wpb_column vc_column_container\"><div class=\"vc_column-inner\"><div class=\"w-separator size_medium\"><\/div><h5 class=\"w-text\"><span class=\"w-text-h\"><span class=\"w-text-value\">Alltid n\u00e4ra till hands<\/span><\/span><\/h5><div class=\"w-separator size_small\"><\/div><div class=\"w-iconbox us_custom_e83ab306 iconpos_left style_default color_primary align_left no_text icontype_img\"><a href=\"mailto:info@wcarech.com\" class=\"w-iconbox-link\" aria-label=\"Skriv till oss!\"><div class=\"w-iconbox-icon\" style=\"font-size:2rem;\"><img decoding=\"async\" width=\"32\" height=\"32\" src=\"https:\/\/wcarech.com\/wp-content\/uploads\/2025\/09\/envelope.png\" class=\"attachment-full size-full\" alt=\"\" \/><\/div><\/a><div class=\"w-iconbox-meta\"><p class=\"w-iconbox-title\"><a href=\"mailto:info@wcarech.com\" class=\"w-iconbox-link\" aria-label=\"Skriv till oss!\">Skriv till oss!<\/a><\/p><\/div><\/div><div class=\"w-separator size_small\"><\/div><div class=\"w-iconbox us_custom_e83ab306 iconpos_left style_default color_primary align_left no_text icontype_img\"><a target=\"_blank\" href=\"https:\/\/wa.link\/x064lc\" class=\"w-iconbox-link\" aria-label=\"Whatsapp\"><div class=\"w-iconbox-icon\" style=\"font-size:2rem;\"><img decoding=\"async\" width=\"32\" height=\"32\" src=\"https:\/\/wcarech.com\/wp-content\/uploads\/2025\/09\/whatsapp.png\" class=\"attachment-full size-full\" alt=\"\" \/><\/div><\/a><div class=\"w-iconbox-meta\"><p class=\"w-iconbox-title\"><a target=\"_blank\" href=\"https:\/\/wa.link\/x064lc\" class=\"w-iconbox-link\" aria-label=\"Whatsapp\">Whatsapp<\/a><\/p><\/div><\/div><div class=\"w-separator size_small\"><\/div><div class=\"w-iconbox us_custom_e83ab306 iconpos_left style_default color_primary align_left no_text icontype_img\"><a target=\"_blank\" href=\"#\" class=\"w-iconbox-link\" aria-label=\"Telegram\"><div class=\"w-iconbox-icon\" style=\"font-size:2rem;\"><img decoding=\"async\" width=\"32\" height=\"32\" src=\"https:\/\/wcarech.com\/wp-content\/uploads\/2025\/09\/telegram.png\" class=\"attachment-full size-full\" alt=\"\" \/><\/div><\/a><div class=\"w-iconbox-meta\"><p class=\"w-iconbox-title\"><a target=\"_blank\" href=\"#\" class=\"w-iconbox-link\" aria-label=\"Telegram\">Telegram<\/a><\/p><\/div><\/div><div class=\"w-separator size_small\"><\/div><div class=\"w-iconbox us_custom_e83ab306 iconpos_left style_default color_primary align_left no_text icontype_img\"><a target=\"_blank\" href=\"tel:+34687021699\" class=\"w-iconbox-link\" aria-label=\"Ring oss!\"><div class=\"w-iconbox-icon\" style=\"font-size:2rem;\"><img decoding=\"async\" width=\"32\" height=\"32\" src=\"https:\/\/wcarech.com\/wp-content\/uploads\/2025\/09\/phone.png\" class=\"attachment-full size-full\" alt=\"\" \/><\/div><\/a><div class=\"w-iconbox-meta\"><p class=\"w-iconbox-title\"><a target=\"_blank\" href=\"tel:+34687021699\" class=\"w-iconbox-link\" aria-label=\"Ring oss!\">Ring oss!<\/a><\/p><\/div><\/div><div class=\"w-separator size_medium\"><\/div><\/div><\/div><\/div><\/div><\/section>\n","protected":false},"excerpt":{"rendered":"KontaktVad beh\u00f6ver du? En n\u00f6dsituation, en ambulans, en l\u00e4kare p\u00e5 ditt hotell, en l\u00e4kartid? Vi \u00e4r tillg\u00e4ngliga dygnet runt. Kontakta oss. Fill out this field Ange en giltig e-postadress. Fill out this field Fill out this field Jag har l\u00e4st och accepterat integritetspolicyn. You need to agree with the terms to proceed SkickaAlltid n\u00e4ra till...","protected":false},"author":1,"featured_media":0,"parent":0,"menu_order":0,"comment_status":"closed","ping_status":"closed","template":"","meta":{"_acf_changed":false,"_joinchat":[],"footnotes":""},"class_list":["post-1205","page","type-page","status-publish","hentry"],"acf":[],"yoast_head":"<!-- This site is optimized with the Yoast SEO Premium plugin v26.3 (Yoast SEO v27.3) - https:\/\/yoast.com\/product\/yoast-seo-premium-wordpress\/ -->\n<title>Kontakt - Worldcare Connect Health<\/title>\n<meta name=\"robots\" content=\"index, follow, max-snippet:-1, max-image-preview:large, max-video-preview:-1\" \/>\n<link rel=\"canonical\" href=\"https:\/\/wcarech.com\/sv\/kontakt\/\" \/>\n<meta property=\"og:locale\" content=\"sv_SE\" \/>\n<meta property=\"og:type\" content=\"article\" \/>\n<meta property=\"og:title\" content=\"Kontakt\" \/>\n<meta property=\"og:url\" content=\"https:\/\/wcarech.com\/sv\/kontakt\/\" \/>\n<meta property=\"og:site_name\" content=\"Worldcare Connect Health\" \/>\n<meta property=\"article:modified_time\" content=\"2025-11-10T07:50:17+00:00\" \/>\n<meta property=\"og:image\" content=\"https:\/\/wcarech.com\/wp-content\/uploads\/2026\/01\/wordlcare.png\" \/>\n\t<meta property=\"og:image:width\" content=\"1200\" \/>\n\t<meta property=\"og:image:height\" content=\"675\" \/>\n\t<meta property=\"og:image:type\" content=\"image\/png\" \/>\n<meta name=\"twitter:card\" content=\"summary_large_image\" \/>\n<meta name=\"twitter:label1\" content=\"Ber\u00e4knad l\u00e4stid\" \/>\n\t<meta name=\"twitter:data1\" content=\"4 minuter\" \/>\n<script type=\"application\/ld+json\" class=\"yoast-schema-graph\">{\"@context\":\"https:\\\/\\\/schema.org\",\"@graph\":[{\"@type\":\"WebPage\",\"@id\":\"https:\\\/\\\/wcarech.com\\\/sv\\\/kontakt\\\/\",\"url\":\"https:\\\/\\\/wcarech.com\\\/sv\\\/kontakt\\\/\",\"name\":\"Kontakt - Worldcare Connect Health\",\"isPartOf\":{\"@id\":\"https:\\\/\\\/wcarech.com\\\/sv\\\/#website\"},\"datePublished\":\"2025-09-04T12:57:11+00:00\",\"dateModified\":\"2025-11-10T07:50:17+00:00\",\"breadcrumb\":{\"@id\":\"https:\\\/\\\/wcarech.com\\\/sv\\\/kontakt\\\/#breadcrumb\"},\"inLanguage\":\"sv-SE\",\"potentialAction\":[{\"@type\":\"ReadAction\",\"target\":[\"https:\\\/\\\/wcarech.com\\\/sv\\\/kontakt\\\/\"]}]},{\"@type\":\"BreadcrumbList\",\"@id\":\"https:\\\/\\\/wcarech.com\\\/sv\\\/kontakt\\\/#breadcrumb\",\"itemListElement\":[{\"@type\":\"ListItem\",\"position\":1,\"name\":\"Home\",\"item\":\"https:\\\/\\\/wcarech.com\\\/sv\\\/home\\\/\"},{\"@type\":\"ListItem\",\"position\":2,\"name\":\"Kontakt\"}]},{\"@type\":\"WebSite\",\"@id\":\"https:\\\/\\\/wcarech.com\\\/sv\\\/#website\",\"url\":\"https:\\\/\\\/wcarech.com\\\/sv\\\/\",\"name\":\"Worldcare Connect Health\",\"description\":\"Trust the best medical professionals during your stay in Tenerife. Personalized, fast care that meets European standards.\",\"publisher\":{\"@id\":\"https:\\\/\\\/wcarech.com\\\/sv\\\/#organization\"},\"alternateName\":\"WCARECH.com\",\"potentialAction\":[{\"@type\":\"SearchAction\",\"target\":{\"@type\":\"EntryPoint\",\"urlTemplate\":\"https:\\\/\\\/wcarech.com\\\/sv\\\/?s={search_term_string}\"},\"query-input\":{\"@type\":\"PropertyValueSpecification\",\"valueRequired\":true,\"valueName\":\"search_term_string\"}}],\"inLanguage\":\"sv-SE\"},{\"@type\":[\"Organization\",\"Place\"],\"@id\":\"https:\\\/\\\/wcarech.com\\\/sv\\\/#organization\",\"name\":\"Worldcare Connect Health\",\"alternateName\":\"Worldcare Connect Health\",\"url\":\"https:\\\/\\\/wcarech.com\\\/sv\\\/\",\"logo\":{\"@id\":\"https:\\\/\\\/wcarech.com\\\/sv\\\/kontakt\\\/#local-main-organization-logo\"},\"image\":{\"@id\":\"https:\\\/\\\/wcarech.com\\\/sv\\\/kontakt\\\/#local-main-organization-logo\"},\"publishingPrinciples\":\"https:\\\/\\\/wcarech.com\\\/privacy\\\/\",\"telephone\":[],\"openingHoursSpecification\":[{\"@type\":\"OpeningHoursSpecification\",\"dayOfWeek\":[\"Monday\",\"Tuesday\",\"Wednesday\",\"Thursday\",\"Friday\",\"Saturday\",\"Sunday\"],\"opens\":\"09:00\",\"closes\":\"17:00\"}]},{\"@type\":\"ImageObject\",\"inLanguage\":\"sv-SE\",\"@id\":\"https:\\\/\\\/wcarech.com\\\/sv\\\/kontakt\\\/#local-main-organization-logo\",\"url\":\"https:\\\/\\\/wcarech.com\\\/wp-content\\\/uploads\\\/2025\\\/09\\\/favicon.png\",\"contentUrl\":\"https:\\\/\\\/wcarech.com\\\/wp-content\\\/uploads\\\/2025\\\/09\\\/favicon.png\",\"width\":921,\"height\":921,\"caption\":\"Worldcare Connect Health\"}]}<\/script>\n<!-- \/ Yoast SEO Premium plugin. -->","yoast_head_json":{"title":"Kontakt - Worldcare Connect Health","robots":{"index":"index","follow":"follow","max-snippet":"max-snippet:-1","max-image-preview":"max-image-preview:large","max-video-preview":"max-video-preview:-1"},"canonical":"https:\/\/wcarech.com\/sv\/kontakt\/","og_locale":"sv_SE","og_type":"article","og_title":"Kontakt","og_url":"https:\/\/wcarech.com\/sv\/kontakt\/","og_site_name":"Worldcare Connect Health","article_modified_time":"2025-11-10T07:50:17+00:00","og_image":[{"width":1200,"height":675,"url":"https:\/\/wcarech.com\/wp-content\/uploads\/2026\/01\/wordlcare.png","type":"image\/png"}],"twitter_card":"summary_large_image","twitter_misc":{"Ber\u00e4knad l\u00e4stid":"4 minuter"},"schema":{"@context":"https:\/\/schema.org","@graph":[{"@type":"WebPage","@id":"https:\/\/wcarech.com\/sv\/kontakt\/","url":"https:\/\/wcarech.com\/sv\/kontakt\/","name":"Kontakt - Worldcare Connect Health","isPartOf":{"@id":"https:\/\/wcarech.com\/sv\/#website"},"datePublished":"2025-09-04T12:57:11+00:00","dateModified":"2025-11-10T07:50:17+00:00","breadcrumb":{"@id":"https:\/\/wcarech.com\/sv\/kontakt\/#breadcrumb"},"inLanguage":"sv-SE","potentialAction":[{"@type":"ReadAction","target":["https:\/\/wcarech.com\/sv\/kontakt\/"]}]},{"@type":"BreadcrumbList","@id":"https:\/\/wcarech.com\/sv\/kontakt\/#breadcrumb","itemListElement":[{"@type":"ListItem","position":1,"name":"Home","item":"https:\/\/wcarech.com\/sv\/home\/"},{"@type":"ListItem","position":2,"name":"Kontakt"}]},{"@type":"WebSite","@id":"https:\/\/wcarech.com\/sv\/#website","url":"https:\/\/wcarech.com\/sv\/","name":"Worldcare Connect Health","description":"Trust the best medical professionals during your stay in Tenerife. Personalized, fast care that meets European standards.","publisher":{"@id":"https:\/\/wcarech.com\/sv\/#organization"},"alternateName":"WCARECH.com","potentialAction":[{"@type":"SearchAction","target":{"@type":"EntryPoint","urlTemplate":"https:\/\/wcarech.com\/sv\/?s={search_term_string}"},"query-input":{"@type":"PropertyValueSpecification","valueRequired":true,"valueName":"search_term_string"}}],"inLanguage":"sv-SE"},{"@type":["Organization","Place"],"@id":"https:\/\/wcarech.com\/sv\/#organization","name":"Worldcare Connect Health","alternateName":"Worldcare Connect Health","url":"https:\/\/wcarech.com\/sv\/","logo":{"@id":"https:\/\/wcarech.com\/sv\/kontakt\/#local-main-organization-logo"},"image":{"@id":"https:\/\/wcarech.com\/sv\/kontakt\/#local-main-organization-logo"},"publishingPrinciples":"https:\/\/wcarech.com\/privacy\/","telephone":[],"openingHoursSpecification":[{"@type":"OpeningHoursSpecification","dayOfWeek":["Monday","Tuesday","Wednesday","Thursday","Friday","Saturday","Sunday"],"opens":"09:00","closes":"17:00"}]},{"@type":"ImageObject","inLanguage":"sv-SE","@id":"https:\/\/wcarech.com\/sv\/kontakt\/#local-main-organization-logo","url":"https:\/\/wcarech.com\/wp-content\/uploads\/2025\/09\/favicon.png","contentUrl":"https:\/\/wcarech.com\/wp-content\/uploads\/2025\/09\/favicon.png","width":921,"height":921,"caption":"Worldcare Connect Health"}]}},"_links":{"self":[{"href":"https:\/\/wcarech.com\/sv\/wp-json\/wp\/v2\/pages\/1205","targetHints":{"allow":["GET"]}}],"collection":[{"href":"https:\/\/wcarech.com\/sv\/wp-json\/wp\/v2\/pages"}],"about":[{"href":"https:\/\/wcarech.com\/sv\/wp-json\/wp\/v2\/types\/page"}],"author":[{"embeddable":true,"href":"https:\/\/wcarech.com\/sv\/wp-json\/wp\/v2\/users\/1"}],"replies":[{"embeddable":true,"href":"https:\/\/wcarech.com\/sv\/wp-json\/wp\/v2\/comments?post=1205"}],"version-history":[{"count":0,"href":"https:\/\/wcarech.com\/sv\/wp-json\/wp\/v2\/pages\/1205\/revisions"}],"wp:attachment":[{"href":"https:\/\/wcarech.com\/sv\/wp-json\/wp\/v2\/media?parent=1205"}],"curies":[{"name":"wp","href":"https:\/\/api.w.org\/{rel}","templated":true}]}}