{"id":1232,"date":"2025-09-17T08:12:33","date_gmt":"2025-09-17T07:12:33","guid":{"rendered":"https:\/\/wcarech.com\/?page_id=1232"},"modified":"2025-11-10T11:45:58","modified_gmt":"2025-11-10T10:45:58","slug":"sjukhus","status":"publish","type":"page","link":"https:\/\/wcarech.com\/sv\/partners\/sjukhus\/","title":{"rendered":"Sjukhus"},"content":{"rendered":"<section class=\"l-section wpb_row us_custom_b8043cba height_medium\"><div class=\"l-section-h i-cf\"><div class=\"g-cols vc_row via_grid cols_1 laptops-cols_inherit tablets-cols_inherit mobiles-cols_1 valign_top type_default stacking_default\"><div class=\"wpb_column vc_column_container\"><div class=\"vc_column-inner\"><h1 class=\"w-post-elm post_title us_custom_e8d85284 has_text_color align_center entry-title color_link_inherit\">Sjukhus<\/h1><\/div><\/div><\/div><\/div><\/section><section class=\"l-section wpb_row height_large\"><div class=\"l-section-h i-cf\"><div class=\"g-cols vc_row via_grid cols_1 laptops-cols_inherit tablets-cols_inherit mobiles-cols_1 valign_top type_default reversed stacking_default\"><div class=\"wpb_column vc_column_container\"><div class=\"vc_column-inner\"><div class=\"w-popup w-btn-wrapper align_center\"><button class=\"w-popup-trigger type_btn w-btn us-btn-style_3 icon_atleft\" aria-label=\"Klicka h\u00e4r om du vill att vi ska meddela sjukhuset att du \u00e4r p\u00e5 v\u00e4g.\" type=\"button\"><i class=\"far fa-siren-on\"><\/i><span class=\"w-btn-label\">Klicka h\u00e4r om du vill att vi ska meddela sjukhuset att du \u00e4r p\u00e5 v\u00e4g.<\/span><\/button><div class=\"w-popup-overlay\" style=\"background:rgba(0,0,0,0.85);\"><\/div><div class=\"w-popup-wrap layout_default\" role=\"dialog\" aria-modal=\"true\" aria-label=\"Popup\" style=\"--title-color:var(--color-content-heading);--title-bg-color:var(--color-content-bg-alt-grad, var(--color-content-bg-alt) );--content-color:var(--color-content-text);--content-bg-color:var(--color-content-bg);--popup-width:600px;--popup-padding:5%;\"><button aria-label=\"St\u00e4ng\" class=\"w-popup-closer\" type=\"button\"><\/button><div class=\"w-popup-box animation_fadeIn closerpos_outside without_title\"><div class=\"w-popup-box-h\"><div class=\"w-popup-box-content\"><section class=\"l-section wpb_row height_large\"><div class=\"l-section-h i-cf\"><div class=\"g-cols vc_row via_grid cols_1 laptops-cols_inherit tablets-cols_inherit mobiles-cols_1 valign_top type_default stacking_default\"><div class=\"wpb_column vc_column_container\"><div class=\"vc_column-inner\"><div class=\"wpb_text_column\"><div class=\"wpb_wrapper\"><p style=\"text-align: left;\"><strong>Klicka h\u00e4r om du vill att vi meddelar sjukhuset att du \u00e4r p\u00e5 v\u00e4g.<\/strong><\/p>\n<\/div><\/div><div class=\"w-separator size_small\"><\/div><form class=\"w-form  us-field-style_1 layout_ver show_message_after_sending for_cform us_form_1\" action=\"https:\/\/wcarech.com\/sv\/wp-json\/wp\/v2\/pages\/1232\" method=\"post\"><div class=\"w-form-h\"><div class=\"w-form-row for_text required with_icon\">\r\n\t\t<div class=\"w-form-row-field\">\r\n\t\t\t\t<i class=\"far fa-user\"><\/i>\t\t<input aria-label=\"Fullst\u00e4ndigt namn\" type=\"text\" name=\"us_form_1_text_1\" value placeholder=\"Fullst\u00e4ndigt namn *\" data-required=\"true\" aria-required=\"true\"\/>\r\n\t\t\t<\/div>\r\n\t\t<div class=\"w-form-row-state\">Fill out this field<\/div>\r\n<\/div>\r\n<div class=\"w-form-row for_select cols_2\">\r\n\t\t<div class=\"w-form-row-field\">\r\n\t\t\t\t\t\t<select aria-label=\"us_form_1_select_1\" name=\"us_form_1_select_1\">\r\n\t\t\t<option value=\"-- \u00d6nskat spr\u00e5k --\">-- \u00d6nskat spr\u00e5k --<\/option><option value=\"Tyska\">Tyska<\/option><option value=\"Spanska\">Spanska<\/option><option value=\"Engelska\">Engelska<\/option><option value=\"Franska\">Franska<\/option><option value=\"Flaml\u00e4ndska\">Flaml\u00e4ndska<\/option><option value=\"Svenska\">Svenska<\/option><option value=\"Ryska\">Ryska<\/option>\t\t<\/select>\r\n\t\t\t<\/div>\r\n\t\t<div class=\"w-form-row-state\">Select an option<\/div>\r\n<\/div>\r\n<div class=\"w-form-row for_select required cols_2\">\r\n\t\t<div class=\"w-form-row-field\">\r\n\t\t\t\t\t\t<select aria-label=\"us_form_1_select_2\" data-required=\"true\" aria-required=\"true\" name=\"us_form_1_select_2\">\r\n\t\t\t<option value=\"-- V\u00e4lj sjukhus --\">-- V\u00e4lj sjukhus --<\/option><option value=\"Hospital Quir\u00f3nsalud Costa Adeje (Costa Adeje)\">Hospital Quir\u00f3nsalud Costa Adeje (Costa Adeje)<\/option><option value=\"Hospital Quir\u00f3nsalud Vida (La Orotava)\">Hospital Quir\u00f3nsalud Vida (La Orotava)<\/option><option value=\"Medical Center Quir\u00f3nsalud Vida Puerto (Puerto de la Cruz)\">Medical Center Quir\u00f3nsalud Vida Puerto (Puerto de la Cruz)<\/option><option value=\"Hospital Quir\u00f3nsalud Tenerife (Santa Cruz de Tenerife)\">Hospital Quir\u00f3nsalud Tenerife (Santa Cruz de Tenerife)<\/option><option value=\"\"><\/option>\t\t<\/select>\r\n\t\t\t<\/div>\r\n\t\t<div class=\"w-form-row-state\">Select an option<\/div>\r\n<\/div>\r\n<div class=\"w-form-row for_text required with_icon cols_2\">\r\n\t\t<div class=\"w-form-row-field\">\r\n\t\t\t\t<i class=\"fas fa-phone\"><\/i>\t\t<input aria-label=\"Telefonnummer\" type=\"text\" name=\"us_form_1_text_2\" value placeholder=\"Telefonnummer *\" data-required=\"true\" aria-required=\"true\"\/>\r\n\t\t\t<\/div>\r\n\t\t<div class=\"w-form-row-state\">Fill out this field<\/div>\r\n<\/div>\r\n<div class=\"w-form-row for_text cols_2\">\r\n\t\t<div class=\"w-form-row-field\">\r\n\t\t\t\t\t\t<input aria-label=\"NIF\/NIE-passnummer\" type=\"text\" name=\"us_form_1_text_3\" value placeholder=\"NIF\/NIE-passnummer\"\/>\r\n\t\t\t<\/div>\r\n\t\t<div class=\"w-form-row-state\">Fill out this field<\/div>\r\n<\/div>\r\n<div class=\"w-form-row for_agreement required\">\r\n\t\t<div class=\"w-form-row-field\">\r\n\t\t\t\t<label>\r\n\t\t\t<input type=\"checkbox\" value=\"1\" data-required=\"true\" aria-required=\"true\" name=\"us_form_1_agreement_1\"\/>\r\n\t\t\t<span>Jag accepterar <a href=\"\/privacy\" target=\"_blank\">integritetspolicyn<\/a>.<\/span>\r\n\t\t<\/label>\r\n\t\t\t<\/div>\r\n\t\t<div class=\"w-form-row-state\">You need to agree with the terms to proceed<\/div>\r\n<\/div>\r\n<input type=\"hidden\" name=\"action\" value=\"us_ajax_cform\" \/>\r\n<input type=\"hidden\" name=\"post_id\" value=\"2255\" \/>\r\n<input type=\"hidden\" name=\"form_index\" value=\"1\" \/>\r\n<div class=\"w-form-row for_submit align_none\"><button class=\"w-btn us-btn-style_1\" type=\"submit\" aria-label=\"Skicka\"><span class=\"g-preloader type_1\"><\/span><span class=\"w-btn-label\">Skicka<\/span><\/button><\/div><\/div><div class=\"w-form-message\"><\/div><div class=\"w-form-json hidden\" onclick='return {&quot;ajaxurl&quot;:&quot;https:\\\/\\\/wcarech.com\\\/wp-admin\\\/admin-ajax.php&quot;,&quot;messages&quot;:{&quot;err_empty&quot;:&quot;Fill out this field&quot;,&quot;err_size&quot;:&quot;File size cannot exceed %s MB&quot;,&quot;err_extension&quot;:&quot;%s file type is not allowed&quot;,&quot;err_recaptcha_keys&quot;:&quot;reCAPTCHA keys are incorrect&quot;}}'><\/div><\/form><\/div><\/div><\/div><\/div><\/section>\n<\/div><\/div><\/div><\/div><\/div><div class=\"w-separator size_medium\"><\/div><div class=\"w-grid us_grid type_grid layout_757 cols_1 pagination_infinite preload_style_spinner\" id=\"us_grid_1\" style=\"--columns:1;--gap:1.5rem;\" data-filterable=\"true\"><style>.layout_757 .w-grid-item-h{border-radius:0.3rem;box-shadow:0 0rem 0rem rgba(0,0,0,0.1),0 0rem 0rem rgba(0,0,0,0.1);transition-duration:0.3s}.no-touch .layout_757 .w-grid-item-h:hover{box-shadow:0 0.2rem 0.4rem rgba(0,0,0,0.1),0 0.67rem 2rem rgba(0,0,0,0.15);z-index:4}.layout_757 .usg_vwrapper_1{transition-duration:0.3s;transform-origin:50% 50%;transform:scale(1) translate(0%,0%)}.layout_757 .w-grid-item-h:focus-within .usg_vwrapper_1,.layout_757 .w-grid-item-h:hover .usg_vwrapper_1{transform:scale(1) translate(0%,0%);opacity:1;border-color:transparent!important}.layout_757 .usg_vwrapper_1{border-radius:0.3rem!important;padding:2rem!important;background:rgba(185,219,255,0.46)!important;border:1px solid var(--color-content-border)!important}.layout_757 .usg_post_title_1{font-size:1.1rem!important;font-weight:700!important}.layout_757 .usg_post_taxonomy_1{font-size:14px!important;font-weight:700!important;text-transform:uppercase!important}<\/style><div class=\"w-grid-list\">\t<article class=\"w-grid-item size_1x1 post-2531 us_portfolio type-us_portfolio status-publish has-post-thumbnail hentry us_portfolio_category-sjukhus\" data-id=\"2531\">\r\n\t\t<div class=\"w-grid-item-h\">\r\n\t\t\t\t\t\t<div class=\"w-vwrapper usg_vwrapper_1 align_none valign_top\" style=\"--vwrapper-gap:0.5rem\"><div class=\"w-post-elm post_taxonomy usg_post_taxonomy_1 style_simple\"><span class=\"term-83 term-sjukhus\">Sjukhus<\/span><\/div><h2 class=\"w-post-elm post_title usg_post_title_1 entry-title color_link_inherit\">Hospital Quir\u00f3nsalud Costa Adeje<\/h2><div class=\"w-hwrapper usg_hwrapper_1 align_none valign_top\"><div class=\"w-post-elm post_custom_field usg_post_custom_field_1 type_text zone\"><i class=\"far fa-map-pin\"><\/i><span class=\"w-post-elm-value\">S\u00f6dra<\/span><\/div><div class=\"w-post-elm post_custom_field usg_post_custom_field_2 type_text address color_link_inherit\"><i class=\"far fa-map-marker-alt\"><\/i><span class=\"w-post-elm-value\">Edificio Garajonay, Lugar Urbanizacion San Eugenio, 38660 Adeje, Santa Cruz de Tenerife<\/span><\/div><\/div><\/div>\t\t<\/div>\r\n\t\t\t<\/article>\r\n\t<article class=\"w-grid-item size_1x1 post-2859 us_portfolio type-us_portfolio status-publish has-post-thumbnail hentry us_portfolio_category-sjukhus\" data-id=\"2859\">\r\n\t\t<div class=\"w-grid-item-h\">\r\n\t\t\t\t\t\t<div class=\"w-vwrapper usg_vwrapper_1 align_none valign_top\" style=\"--vwrapper-gap:0.5rem\"><div class=\"w-post-elm post_taxonomy usg_post_taxonomy_1 style_simple\"><span class=\"term-83 term-sjukhus\">Sjukhus<\/span><\/div><h2 class=\"w-post-elm post_title usg_post_title_1 entry-title color_link_inherit\">Hospital Quir\u00f3nsalud Tenerife<\/h2><div class=\"w-hwrapper usg_hwrapper_1 align_none valign_top\"><div class=\"w-post-elm post_custom_field usg_post_custom_field_1 type_text zone\"><i class=\"far fa-map-pin\"><\/i><span class=\"w-post-elm-value\">Santa Cruz de Tenerife<\/span><\/div><div class=\"w-post-elm post_custom_field usg_post_custom_field_2 type_text address color_link_inherit\"><i class=\"far fa-map-marker-alt\"><\/i><span class=\"w-post-elm-value\">C. Poeta Rodriguez Herrera, 1, 38006 Santa Cruz de Tenerife<\/span><\/div><\/div><\/div>\t\t<\/div>\r\n\t\t\t<\/article>\r\n\t<article class=\"w-grid-item size_1x1 post-2869 us_portfolio type-us_portfolio status-publish has-post-thumbnail hentry us_portfolio_category-sjukhus\" data-id=\"2869\">\r\n\t\t<div class=\"w-grid-item-h\">\r\n\t\t\t\t\t\t<div class=\"w-vwrapper usg_vwrapper_1 align_none valign_top\" style=\"--vwrapper-gap:0.5rem\"><div class=\"w-post-elm post_taxonomy usg_post_taxonomy_1 style_simple\"><span class=\"term-83 term-sjukhus\">Sjukhus<\/span><\/div><h2 class=\"w-post-elm post_title usg_post_title_1 entry-title color_link_inherit\">Hospital Quir\u00f3nsalud Vida<\/h2><div class=\"w-hwrapper usg_hwrapper_1 align_none valign_top\"><div class=\"w-post-elm post_custom_field usg_post_custom_field_1 type_text zone\"><i class=\"far fa-map-pin\"><\/i><span class=\"w-post-elm-value\">La Orotava<\/span><\/div><div class=\"w-post-elm post_custom_field usg_post_custom_field_2 type_text address color_link_inherit\"><i class=\"far fa-map-marker-alt\"><\/i><span class=\"w-post-elm-value\">C. Magnolias, 2, 38300 La Orotava, Santa Cruz de Tenerife<\/span><\/div><\/div><\/div>\t\t<\/div>\r\n\t\t\t<\/article>\r\n\t<article class=\"w-grid-item size_1x1 post-2879 us_portfolio type-us_portfolio status-publish has-post-thumbnail hentry us_portfolio_category-sjukhus\" data-id=\"2879\">\r\n\t\t<div class=\"w-grid-item-h\">\r\n\t\t\t\t\t\t<div class=\"w-vwrapper usg_vwrapper_1 align_none valign_top\" style=\"--vwrapper-gap:0.5rem\"><div class=\"w-post-elm post_taxonomy usg_post_taxonomy_1 style_simple\"><span class=\"term-83 term-sjukhus\">Sjukhus<\/span><\/div><h2 class=\"w-post-elm post_title usg_post_title_1 entry-title color_link_inherit\">Medical Center Quir\u00f3nsalud Puerto<\/h2><div class=\"w-hwrapper usg_hwrapper_1 align_none valign_top\"><div class=\"w-post-elm post_custom_field usg_post_custom_field_1 type_text zone\"><i class=\"far fa-map-pin\"><\/i><span class=\"w-post-elm-value\">Puerto de la Cruz<\/span><\/div><div class=\"w-post-elm post_custom_field usg_post_custom_field_2 type_text address color_link_inherit\"><i class=\"far fa-map-marker-alt\"><\/i><span class=\"w-post-elm-value\">Ctra. General Puerto Cruz \u2013 Arenas, 73, 38400 Puerto de la Cruz, Santa Cruz de Tenerife<\/span><\/div><\/div><\/div>\t\t<\/div>\r\n\t\t\t<\/article>\r\n<\/div>\t<div class=\"w-grid-preloader\">\r\n\t\t<div class=\"g-preloader type_1\">\r\n\t\t\t<div><\/div>\r\n\t\t<\/div>\r\n\t<\/div>\r\n\t\t<div class=\"w-grid-json hidden\" onclick='return {&quot;action&quot;:&quot;us_ajax_grid&quot;,&quot;infinite_scroll&quot;:0,&quot;max_num_pages&quot;:1,&quot;pagination&quot;:&quot;infinite&quot;,&quot;template_vars&quot;:{&quot;columns&quot;:&quot;1&quot;,&quot;exclude_items&quot;:&quot;none&quot;,&quot;img_size&quot;:&quot;default&quot;,&quot;ignore_items_size&quot;:0,&quot;items_layout&quot;:&quot;757&quot;,&quot;items_offset&quot;:&quot;1&quot;,&quot;load_animation&quot;:&quot;none&quot;,&quot;overriding_link&quot;:&quot;%7B%22url%22%3A%22%22%7D&quot;,&quot;post_id&quot;:0,&quot;query_args&quot;:{&quot;post_type&quot;:[&quot;us_portfolio&quot;],&quot;tax_query&quot;:[{&quot;taxonomy&quot;:&quot;us_portfolio_category&quot;,&quot;field&quot;:&quot;slug&quot;,&quot;terms&quot;:[&quot;hospitals&quot;]}],&quot;post_status&quot;:[&quot;publish&quot;,&quot;acf-disabled&quot;],&quot;posts_per_page&quot;:&quot;12&quot;},&quot;orderby_query_args&quot;:{&quot;orderby&quot;:{&quot;date&quot;:&quot;DESC&quot;}},&quot;type&quot;:&quot;grid&quot;,&quot;us_grid_post_type&quot;:&quot;us_portfolio&quot;,&quot;us_grid_ajax_index&quot;:1,&quot;us_grid_filter_query_string&quot;:null,&quot;us_grid_index&quot;:1,&quot;page_args&quot;:[],&quot;lang&quot;:&quot;sv&quot;}}'><\/div>\r\n\t<\/div><\/div><\/div><\/div><\/div><\/section>\n","protected":false},"excerpt":{"rendered":"","protected":false},"author":1,"featured_media":0,"parent":1219,"menu_order":0,"comment_status":"closed","ping_status":"closed","template":"","meta":{"_acf_changed":false,"_joinchat":[],"footnotes":""},"class_list":["post-1232","page","type-page","status-publish","hentry"],"acf":[],"yoast_head":"<!-- This site is optimized with the Yoast SEO Premium plugin v26.3 (Yoast SEO v27.3) - https:\/\/yoast.com\/product\/yoast-seo-premium-wordpress\/ -->\n<title>Sjukhus - Worldcare Connect Health<\/title>\n<meta name=\"robots\" content=\"index, follow, max-snippet:-1, max-image-preview:large, max-video-preview:-1\" \/>\n<link rel=\"canonical\" href=\"https:\/\/wcarech.com\/sv\/partners\/sjukhus\/\" \/>\n<meta property=\"og:locale\" content=\"sv_SE\" \/>\n<meta property=\"og:type\" content=\"article\" \/>\n<meta property=\"og:title\" content=\"Sjukhus\" \/>\n<meta property=\"og:url\" content=\"https:\/\/wcarech.com\/sv\/partners\/sjukhus\/\" \/>\n<meta property=\"og:site_name\" content=\"Worldcare Connect Health\" \/>\n<meta property=\"article:modified_time\" content=\"2025-11-10T10:45:58+00:00\" \/>\n<meta property=\"og:image\" content=\"https:\/\/wcarech.com\/wp-content\/uploads\/2026\/01\/wordlcare.png\" \/>\n\t<meta property=\"og:image:width\" content=\"1200\" \/>\n\t<meta property=\"og:image:height\" content=\"675\" \/>\n\t<meta property=\"og:image:type\" content=\"image\/png\" \/>\n<meta name=\"twitter:card\" content=\"summary_large_image\" \/>\n<meta name=\"twitter:label1\" content=\"Ber\u00e4knad l\u00e4stid\" \/>\n\t<meta name=\"twitter:data1\" content=\"1 minut\" \/>\n<script type=\"application\/ld+json\" class=\"yoast-schema-graph\">{\"@context\":\"https:\\\/\\\/schema.org\",\"@graph\":[{\"@type\":\"WebPage\",\"@id\":\"https:\\\/\\\/wcarech.com\\\/sv\\\/partners\\\/sjukhus\\\/\",\"url\":\"https:\\\/\\\/wcarech.com\\\/sv\\\/partners\\\/sjukhus\\\/\",\"name\":\"Sjukhus - Worldcare Connect Health\",\"isPartOf\":{\"@id\":\"https:\\\/\\\/wcarech.com\\\/sv\\\/#website\"},\"datePublished\":\"2025-09-17T07:12:33+00:00\",\"dateModified\":\"2025-11-10T10:45:58+00:00\",\"breadcrumb\":{\"@id\":\"https:\\\/\\\/wcarech.com\\\/sv\\\/partners\\\/sjukhus\\\/#breadcrumb\"},\"inLanguage\":\"sv-SE\",\"potentialAction\":[{\"@type\":\"ReadAction\",\"target\":[\"https:\\\/\\\/wcarech.com\\\/sv\\\/partners\\\/sjukhus\\\/\"]}]},{\"@type\":\"BreadcrumbList\",\"@id\":\"https:\\\/\\\/wcarech.com\\\/sv\\\/partners\\\/sjukhus\\\/#breadcrumb\",\"itemListElement\":[{\"@type\":\"ListItem\",\"position\":1,\"name\":\"Home\",\"item\":\"https:\\\/\\\/wcarech.com\\\/sv\\\/home\\\/\"},{\"@type\":\"ListItem\",\"position\":2,\"name\":\"Partners\",\"item\":\"https:\\\/\\\/wcarech.com\\\/sv\\\/partners\\\/\"},{\"@type\":\"ListItem\",\"position\":3,\"name\":\"Sjukhus\"}]},{\"@type\":\"WebSite\",\"@id\":\"https:\\\/\\\/wcarech.com\\\/sv\\\/#website\",\"url\":\"https:\\\/\\\/wcarech.com\\\/sv\\\/\",\"name\":\"Worldcare Connect Health\",\"description\":\"Trust the best medical professionals during your stay in Tenerife. Personalized, fast care that meets European standards.\",\"publisher\":{\"@id\":\"https:\\\/\\\/wcarech.com\\\/sv\\\/#organization\"},\"alternateName\":\"WCARECH.com\",\"potentialAction\":[{\"@type\":\"SearchAction\",\"target\":{\"@type\":\"EntryPoint\",\"urlTemplate\":\"https:\\\/\\\/wcarech.com\\\/sv\\\/?s={search_term_string}\"},\"query-input\":{\"@type\":\"PropertyValueSpecification\",\"valueRequired\":true,\"valueName\":\"search_term_string\"}}],\"inLanguage\":\"sv-SE\"},{\"@type\":[\"Organization\",\"Place\"],\"@id\":\"https:\\\/\\\/wcarech.com\\\/sv\\\/#organization\",\"name\":\"Worldcare Connect Health\",\"alternateName\":\"Worldcare Connect Health\",\"url\":\"https:\\\/\\\/wcarech.com\\\/sv\\\/\",\"logo\":{\"@id\":\"https:\\\/\\\/wcarech.com\\\/sv\\\/partners\\\/sjukhus\\\/#local-main-organization-logo\"},\"image\":{\"@id\":\"https:\\\/\\\/wcarech.com\\\/sv\\\/partners\\\/sjukhus\\\/#local-main-organization-logo\"},\"publishingPrinciples\":\"https:\\\/\\\/wcarech.com\\\/privacy\\\/\",\"telephone\":[],\"openingHoursSpecification\":[{\"@type\":\"OpeningHoursSpecification\",\"dayOfWeek\":[\"Monday\",\"Tuesday\",\"Wednesday\",\"Thursday\",\"Friday\",\"Saturday\",\"Sunday\"],\"opens\":\"09:00\",\"closes\":\"17:00\"}]},{\"@type\":\"ImageObject\",\"inLanguage\":\"sv-SE\",\"@id\":\"https:\\\/\\\/wcarech.com\\\/sv\\\/partners\\\/sjukhus\\\/#local-main-organization-logo\",\"url\":\"https:\\\/\\\/wcarech.com\\\/wp-content\\\/uploads\\\/2025\\\/09\\\/favicon.png\",\"contentUrl\":\"https:\\\/\\\/wcarech.com\\\/wp-content\\\/uploads\\\/2025\\\/09\\\/favicon.png\",\"width\":921,\"height\":921,\"caption\":\"Worldcare Connect Health\"}]}<\/script>\n<!-- \/ Yoast SEO Premium plugin. -->","yoast_head_json":{"title":"Sjukhus - Worldcare Connect Health","robots":{"index":"index","follow":"follow","max-snippet":"max-snippet:-1","max-image-preview":"max-image-preview:large","max-video-preview":"max-video-preview:-1"},"canonical":"https:\/\/wcarech.com\/sv\/partners\/sjukhus\/","og_locale":"sv_SE","og_type":"article","og_title":"Sjukhus","og_url":"https:\/\/wcarech.com\/sv\/partners\/sjukhus\/","og_site_name":"Worldcare Connect Health","article_modified_time":"2025-11-10T10:45:58+00:00","og_image":[{"width":1200,"height":675,"url":"https:\/\/wcarech.com\/wp-content\/uploads\/2026\/01\/wordlcare.png","type":"image\/png"}],"twitter_card":"summary_large_image","twitter_misc":{"Ber\u00e4knad l\u00e4stid":"1 minut"},"schema":{"@context":"https:\/\/schema.org","@graph":[{"@type":"WebPage","@id":"https:\/\/wcarech.com\/sv\/partners\/sjukhus\/","url":"https:\/\/wcarech.com\/sv\/partners\/sjukhus\/","name":"Sjukhus - Worldcare Connect Health","isPartOf":{"@id":"https:\/\/wcarech.com\/sv\/#website"},"datePublished":"2025-09-17T07:12:33+00:00","dateModified":"2025-11-10T10:45:58+00:00","breadcrumb":{"@id":"https:\/\/wcarech.com\/sv\/partners\/sjukhus\/#breadcrumb"},"inLanguage":"sv-SE","potentialAction":[{"@type":"ReadAction","target":["https:\/\/wcarech.com\/sv\/partners\/sjukhus\/"]}]},{"@type":"BreadcrumbList","@id":"https:\/\/wcarech.com\/sv\/partners\/sjukhus\/#breadcrumb","itemListElement":[{"@type":"ListItem","position":1,"name":"Home","item":"https:\/\/wcarech.com\/sv\/home\/"},{"@type":"ListItem","position":2,"name":"Partners","item":"https:\/\/wcarech.com\/sv\/partners\/"},{"@type":"ListItem","position":3,"name":"Sjukhus"}]},{"@type":"WebSite","@id":"https:\/\/wcarech.com\/sv\/#website","url":"https:\/\/wcarech.com\/sv\/","name":"Worldcare Connect Health","description":"Trust the best medical professionals during your stay in Tenerife. Personalized, fast care that meets European standards.","publisher":{"@id":"https:\/\/wcarech.com\/sv\/#organization"},"alternateName":"WCARECH.com","potentialAction":[{"@type":"SearchAction","target":{"@type":"EntryPoint","urlTemplate":"https:\/\/wcarech.com\/sv\/?s={search_term_string}"},"query-input":{"@type":"PropertyValueSpecification","valueRequired":true,"valueName":"search_term_string"}}],"inLanguage":"sv-SE"},{"@type":["Organization","Place"],"@id":"https:\/\/wcarech.com\/sv\/#organization","name":"Worldcare Connect Health","alternateName":"Worldcare Connect Health","url":"https:\/\/wcarech.com\/sv\/","logo":{"@id":"https:\/\/wcarech.com\/sv\/partners\/sjukhus\/#local-main-organization-logo"},"image":{"@id":"https:\/\/wcarech.com\/sv\/partners\/sjukhus\/#local-main-organization-logo"},"publishingPrinciples":"https:\/\/wcarech.com\/privacy\/","telephone":[],"openingHoursSpecification":[{"@type":"OpeningHoursSpecification","dayOfWeek":["Monday","Tuesday","Wednesday","Thursday","Friday","Saturday","Sunday"],"opens":"09:00","closes":"17:00"}]},{"@type":"ImageObject","inLanguage":"sv-SE","@id":"https:\/\/wcarech.com\/sv\/partners\/sjukhus\/#local-main-organization-logo","url":"https:\/\/wcarech.com\/wp-content\/uploads\/2025\/09\/favicon.png","contentUrl":"https:\/\/wcarech.com\/wp-content\/uploads\/2025\/09\/favicon.png","width":921,"height":921,"caption":"Worldcare Connect Health"}]}},"_links":{"self":[{"href":"https:\/\/wcarech.com\/sv\/wp-json\/wp\/v2\/pages\/1232","targetHints":{"allow":["GET"]}}],"collection":[{"href":"https:\/\/wcarech.com\/sv\/wp-json\/wp\/v2\/pages"}],"about":[{"href":"https:\/\/wcarech.com\/sv\/wp-json\/wp\/v2\/types\/page"}],"author":[{"embeddable":true,"href":"https:\/\/wcarech.com\/sv\/wp-json\/wp\/v2\/users\/1"}],"replies":[{"embeddable":true,"href":"https:\/\/wcarech.com\/sv\/wp-json\/wp\/v2\/comments?post=1232"}],"version-history":[{"count":0,"href":"https:\/\/wcarech.com\/sv\/wp-json\/wp\/v2\/pages\/1232\/revisions"}],"up":[{"embeddable":true,"href":"https:\/\/wcarech.com\/sv\/wp-json\/wp\/v2\/pages\/1219"}],"wp:attachment":[{"href":"https:\/\/wcarech.com\/sv\/wp-json\/wp\/v2\/media?parent=1232"}],"curies":[{"name":"wp","href":"https:\/\/api.w.org\/{rel}","templated":true}]}}